{"id":14721,"date":"2025-10-20T21:35:13","date_gmt":"2025-10-20T19:35:13","guid":{"rendered":"https:\/\/arnaud-rodriguez.net\/photo\/?page_id=14721"},"modified":"2025-10-20T22:26:04","modified_gmt":"2025-10-20T20:26:04","slug":"deplacement-des-corps","status":"publish","type":"page","link":"https:\/\/arnaud-rodriguez.net\/photo\/deplacement-des-corps\/","title":{"rendered":"D\u00e9placement des corps"},"content":{"rendered":"\n<figure class=\"wp-block-image alignright size-large is-resized\"><img loading=\"lazy\" decoding=\"async\" width=\"960\" height=\"640\" src=\"https:\/\/arnaud-rodriguez.net\/photo\/wp-content\/uploads\/2025\/10\/insta-220623-DSC_8659-copie-960x640.jpg\" alt=\"\" class=\"wp-image-14724\" style=\"width:427px;height:auto\" srcset=\"https:\/\/arnaud-rodriguez.net\/photo\/wp-content\/uploads\/2025\/10\/insta-220623-DSC_8659-copie-960x640.jpg 960w, https:\/\/arnaud-rodriguez.net\/photo\/wp-content\/uploads\/2025\/10\/insta-220623-DSC_8659-copie-300x200.jpg 300w, https:\/\/arnaud-rodriguez.net\/photo\/wp-content\/uploads\/2025\/10\/insta-220623-DSC_8659-copie-768x512.jpg 768w, https:\/\/arnaud-rodriguez.net\/photo\/wp-content\/uploads\/2025\/10\/insta-220623-DSC_8659-copie-1536x1024.jpg 1536w, https:\/\/arnaud-rodriguez.net\/photo\/wp-content\/uploads\/2025\/10\/insta-220623-DSC_8659-copie.jpg 1800w\" sizes=\"auto, (max-width: 960px) 100vw, 960px\" \/><\/figure>\n\n\n\n<p>Ma recherche sur les photos intimes ou de nus (voir le projet <a href=\"https:\/\/arnaud-rodriguez.net\/photo\/fr\/works\/prenom-z\/\">Pr\u00e9nom Z<\/a>) s\u2019est tr\u00e8s vite d\u00e9plac\u00e9e vers une question : comment montrer sans montrer ? C&rsquo;est-\u00e0-dire, comment montrer des corps sans \u00ab\u00a0l&rsquo;obsession\u00a0\u00bb du corps. Sans la frontalit\u00e9, sans leur pr\u00e9sence absolue. Puis-je oublier \/ faire oublier le corps photographi\u00e9, pourtant photographi\u00e9 ? Comment le d\u00e9placer, lui, ou le regard qu&rsquo;on y porte ? <\/p>\n\n\n\n<p>Cette qu\u00eate a pris plusieurs directions, parfois de mani\u00e8re presque inconsciente, parce que j&rsquo;aime explorer. Et puis je passe \u00e0 autre chose.  <\/p>\n\n\n\n<h3 class=\"wp-block-heading\">Corps paysages<\/h3>\n\n\n\n<figure class=\"wp-block-gallery has-nested-images columns-2 wp-block-gallery-1 is-layout-flex wp-block-gallery-is-layout-flex\">\n<figure class=\"wp-block-image size-large\"><a href=\"https:\/\/arnaud-rodriguez.net\/photo\/wp-content\/uploads\/2022\/11\/DSC_9169-copie.jpg\"><img loading=\"lazy\" decoding=\"async\" width=\"683\" height=\"1024\" data-id=\"6596\" src=\"https:\/\/arnaud-rodriguez.net\/photo\/wp-content\/uploads\/2022\/11\/DSC_9169-copie-683x1024.jpg\" alt=\"\" class=\"wp-image-6596\" srcset=\"https:\/\/arnaud-rodriguez.net\/photo\/wp-content\/uploads\/2022\/11\/DSC_9169-copie-683x1024.jpg 683w, https:\/\/arnaud-rodriguez.net\/photo\/wp-content\/uploads\/2022\/11\/DSC_9169-copie-200x300.jpg 200w, https:\/\/arnaud-rodriguez.net\/photo\/wp-content\/uploads\/2022\/11\/DSC_9169-copie-768x1152.jpg 768w, https:\/\/arnaud-rodriguez.net\/photo\/wp-content\/uploads\/2022\/11\/DSC_9169-copie-1024x1536.jpg 1024w, https:\/\/arnaud-rodriguez.net\/photo\/wp-content\/uploads\/2022\/11\/DSC_9169-copie.jpg 1200w\" sizes=\"auto, (max-width: 683px) 100vw, 683px\" \/><\/a><\/figure>\n\n\n\n<figure class=\"wp-block-image size-large\"><a href=\"https:\/\/arnaud-rodriguez.net\/photo\/wp-content\/uploads\/2022\/11\/DSC_9126-copie.jpg\"><img loading=\"lazy\" decoding=\"async\" width=\"683\" height=\"1024\" data-id=\"6595\" src=\"https:\/\/arnaud-rodriguez.net\/photo\/wp-content\/uploads\/2022\/11\/DSC_9126-copie-683x1024.jpg\" alt=\"\" class=\"wp-image-6595\" srcset=\"https:\/\/arnaud-rodriguez.net\/photo\/wp-content\/uploads\/2022\/11\/DSC_9126-copie-683x1024.jpg 683w, https:\/\/arnaud-rodriguez.net\/photo\/wp-content\/uploads\/2022\/11\/DSC_9126-copie-200x300.jpg 200w, https:\/\/arnaud-rodriguez.net\/photo\/wp-content\/uploads\/2022\/11\/DSC_9126-copie-768x1152.jpg 768w, https:\/\/arnaud-rodriguez.net\/photo\/wp-content\/uploads\/2022\/11\/DSC_9126-copie-1024x1536.jpg 1024w, https:\/\/arnaud-rodriguez.net\/photo\/wp-content\/uploads\/2022\/11\/DSC_9126-copie.jpg 1200w\" sizes=\"auto, (max-width: 683px) 100vw, 683px\" \/><\/a><\/figure>\n\n\n\n<figure class=\"wp-block-image size-large\"><img loading=\"lazy\" decoding=\"async\" width=\"683\" height=\"1024\" data-id=\"14728\" src=\"https:\/\/arnaud-rodriguez.net\/photo\/wp-content\/uploads\/2025\/10\/DSC_0886-copie-3-683x1024.jpg\" alt=\"\" class=\"wp-image-14728\" srcset=\"https:\/\/arnaud-rodriguez.net\/photo\/wp-content\/uploads\/2025\/10\/DSC_0886-copie-3-683x1024.jpg 683w, https:\/\/arnaud-rodriguez.net\/photo\/wp-content\/uploads\/2025\/10\/DSC_0886-copie-3-200x300.jpg 200w, https:\/\/arnaud-rodriguez.net\/photo\/wp-content\/uploads\/2025\/10\/DSC_0886-copie-3-768x1152.jpg 768w, https:\/\/arnaud-rodriguez.net\/photo\/wp-content\/uploads\/2025\/10\/DSC_0886-copie-3-1024x1536.jpg 1024w, https:\/\/arnaud-rodriguez.net\/photo\/wp-content\/uploads\/2025\/10\/DSC_0886-copie-3.jpg 1200w\" sizes=\"auto, (max-width: 683px) 100vw, 683px\" \/><\/figure>\n\n\n\n<figure class=\"wp-block-image size-large\"><img loading=\"lazy\" decoding=\"async\" width=\"683\" height=\"1024\" data-id=\"14726\" src=\"https:\/\/arnaud-rodriguez.net\/photo\/wp-content\/uploads\/2025\/10\/DSC_0939-copie-3-683x1024.jpg\" alt=\"\" class=\"wp-image-14726\" srcset=\"https:\/\/arnaud-rodriguez.net\/photo\/wp-content\/uploads\/2025\/10\/DSC_0939-copie-3-683x1024.jpg 683w, https:\/\/arnaud-rodriguez.net\/photo\/wp-content\/uploads\/2025\/10\/DSC_0939-copie-3-200x300.jpg 200w, https:\/\/arnaud-rodriguez.net\/photo\/wp-content\/uploads\/2025\/10\/DSC_0939-copie-3-768x1152.jpg 768w, https:\/\/arnaud-rodriguez.net\/photo\/wp-content\/uploads\/2025\/10\/DSC_0939-copie-3-1024x1536.jpg 1024w, https:\/\/arnaud-rodriguez.net\/photo\/wp-content\/uploads\/2025\/10\/DSC_0939-copie-3.jpg 1200w\" sizes=\"auto, (max-width: 683px) 100vw, 683px\" \/><\/figure>\n\n\n\n<figure class=\"wp-block-image size-large\"><a href=\"https:\/\/arnaud-rodriguez.net\/photo\/wp-content\/uploads\/2022\/11\/DSC_9105-copie.jpg\"><img loading=\"lazy\" decoding=\"async\" width=\"683\" height=\"1024\" data-id=\"6594\" src=\"https:\/\/arnaud-rodriguez.net\/photo\/wp-content\/uploads\/2022\/11\/DSC_9105-copie-683x1024.jpg\" alt=\"\" class=\"wp-image-6594\" srcset=\"https:\/\/arnaud-rodriguez.net\/photo\/wp-content\/uploads\/2022\/11\/DSC_9105-copie-683x1024.jpg 683w, https:\/\/arnaud-rodriguez.net\/photo\/wp-content\/uploads\/2022\/11\/DSC_9105-copie-200x300.jpg 200w, https:\/\/arnaud-rodriguez.net\/photo\/wp-content\/uploads\/2022\/11\/DSC_9105-copie-768x1152.jpg 768w, https:\/\/arnaud-rodriguez.net\/photo\/wp-content\/uploads\/2022\/11\/DSC_9105-copie-1024x1536.jpg 1024w, https:\/\/arnaud-rodriguez.net\/photo\/wp-content\/uploads\/2022\/11\/DSC_9105-copie.jpg 1200w\" sizes=\"auto, (max-width: 683px) 100vw, 683px\" \/><\/a><\/figure>\n\n\n\n<figure class=\"wp-block-image size-large\"><a href=\"https:\/\/arnaud-rodriguez.net\/photo\/wp-content\/uploads\/2022\/11\/DSC_9098-copie.jpg\"><img loading=\"lazy\" decoding=\"async\" width=\"683\" height=\"1024\" data-id=\"6593\" src=\"https:\/\/arnaud-rodriguez.net\/photo\/wp-content\/uploads\/2022\/11\/DSC_9098-copie-683x1024.jpg\" alt=\"\" class=\"wp-image-6593\" srcset=\"https:\/\/arnaud-rodriguez.net\/photo\/wp-content\/uploads\/2022\/11\/DSC_9098-copie-683x1024.jpg 683w, https:\/\/arnaud-rodriguez.net\/photo\/wp-content\/uploads\/2022\/11\/DSC_9098-copie-200x300.jpg 200w, https:\/\/arnaud-rodriguez.net\/photo\/wp-content\/uploads\/2022\/11\/DSC_9098-copie-768x1152.jpg 768w, https:\/\/arnaud-rodriguez.net\/photo\/wp-content\/uploads\/2022\/11\/DSC_9098-copie-1024x1536.jpg 1024w, https:\/\/arnaud-rodriguez.net\/photo\/wp-content\/uploads\/2022\/11\/DSC_9098-copie.jpg 1200w\" sizes=\"auto, (max-width: 683px) 100vw, 683px\" \/><\/a><\/figure>\n<\/figure>\n\n\n\n<h3 class=\"wp-block-heading\">Corps cousus<\/h3>\n\n\n\n<p>Projet en collaboration avec Fr\u00e9d\u00e9ric Poussin (2024\u2026)<\/p>\n\n\n\n<p>Fr\u00e9d\u00e9ric Poussin chine, bidouille, accumule, assemble, recycle, juste pour le plaisir d\u2019essayer de fabriquer des choses. Il voit du joli dans les petites choses du quotidien, de la beaut\u00e9 dans le moche et l\u2019anodin, de la mati\u00e8re dans l\u2019abandonn\u00e9. Il brode en g\u00e9n\u00e9ral avec d\u00e9sinvolture et humour, mais c&rsquo;est son regard d\u00e9cal\u00e9 qui offert ces nouvelles images.<\/p>\n\n\n\n<figure class=\"wp-block-gallery has-nested-images columns-default is-cropped wp-block-gallery-2 is-layout-flex wp-block-gallery-is-layout-flex\">\n<figure class=\"wp-block-image size-large\"><img loading=\"lazy\" decoding=\"async\" width=\"735\" height=\"1024\" data-id=\"14730\" src=\"https:\/\/arnaud-rodriguez.net\/photo\/wp-content\/uploads\/2025\/10\/DSC_1470-copie-735x1024.jpg\" alt=\"\" class=\"wp-image-14730\" srcset=\"https:\/\/arnaud-rodriguez.net\/photo\/wp-content\/uploads\/2025\/10\/DSC_1470-copie-735x1024.jpg 735w, https:\/\/arnaud-rodriguez.net\/photo\/wp-content\/uploads\/2025\/10\/DSC_1470-copie-215x300.jpg 215w, https:\/\/arnaud-rodriguez.net\/photo\/wp-content\/uploads\/2025\/10\/DSC_1470-copie-768x1070.jpg 768w, https:\/\/arnaud-rodriguez.net\/photo\/wp-content\/uploads\/2025\/10\/DSC_1470-copie-1102x1536.jpg 1102w, https:\/\/arnaud-rodriguez.net\/photo\/wp-content\/uploads\/2025\/10\/DSC_1470-copie.jpg 1200w\" sizes=\"auto, (max-width: 735px) 100vw, 735px\" \/><\/figure>\n\n\n\n<figure class=\"wp-block-image size-large\"><img loading=\"lazy\" decoding=\"async\" width=\"727\" height=\"1024\" data-id=\"14732\" src=\"https:\/\/arnaud-rodriguez.net\/photo\/wp-content\/uploads\/2025\/10\/DSC_1469-copie-727x1024.jpg\" alt=\"\" class=\"wp-image-14732\" srcset=\"https:\/\/arnaud-rodriguez.net\/photo\/wp-content\/uploads\/2025\/10\/DSC_1469-copie-727x1024.jpg 727w, https:\/\/arnaud-rodriguez.net\/photo\/wp-content\/uploads\/2025\/10\/DSC_1469-copie-213x300.jpg 213w, https:\/\/arnaud-rodriguez.net\/photo\/wp-content\/uploads\/2025\/10\/DSC_1469-copie-768x1081.jpg 768w, https:\/\/arnaud-rodriguez.net\/photo\/wp-content\/uploads\/2025\/10\/DSC_1469-copie-1091x1536.jpg 1091w, https:\/\/arnaud-rodriguez.net\/photo\/wp-content\/uploads\/2025\/10\/DSC_1469-copie-1454x2048.jpg 1454w, https:\/\/arnaud-rodriguez.net\/photo\/wp-content\/uploads\/2025\/10\/DSC_1469-copie-scaled.jpg 1818w\" sizes=\"auto, (max-width: 727px) 100vw, 727px\" \/><\/figure>\n<\/figure>\n\n\n\n<h3 class=\"wp-block-heading\">Corps cach\u00e9s<\/h3>\n\n\n\n<p>Mon travail sur le nu s&rsquo;est bien \u00e9videmment aussi heurt\u00e9 \u00e0 la censure sur le r\u00e9seau social Instagram lorsque j\u2019ai voulu montrer certaines photos, sans pour autant qu\u2019elles soient r\u00e9ellement audacieuses. <\/p>\n\n\n\n<p>Ins\u00e9rant un jour un rond blanc pudique sur une photo, c\u2019est la forme graphique qui s\u2019est impos\u00e9e \u00e0 mon \u0153il : j\u2019en ai alors ajout\u00e9 une, puis deux. C\u2019est une autre proposition qui s\u2019est dessin\u00e9e, \u00e0 savoir un objet graphique et un jeu complexe sur ce qui est montrable et ce qui ne l\u2019est pas.<\/p>\n\n\n\n<figure class=\"wp-block-gallery has-nested-images columns-default is-cropped wp-block-gallery-3 is-layout-flex wp-block-gallery-is-layout-flex\">\n<figure class=\"wp-block-image size-large\"><img loading=\"lazy\" decoding=\"async\" width=\"960\" height=\"639\" data-id=\"14740\" src=\"https:\/\/arnaud-rodriguez.net\/photo\/wp-content\/uploads\/2025\/10\/corps-caches-DSC_7842-2-960x639.jpg\" alt=\"\" class=\"wp-image-14740\" srcset=\"https:\/\/arnaud-rodriguez.net\/photo\/wp-content\/uploads\/2025\/10\/corps-caches-DSC_7842-2-960x639.jpg 960w, https:\/\/arnaud-rodriguez.net\/photo\/wp-content\/uploads\/2025\/10\/corps-caches-DSC_7842-2-300x200.jpg 300w, https:\/\/arnaud-rodriguez.net\/photo\/wp-content\/uploads\/2025\/10\/corps-caches-DSC_7842-2-768x511.jpg 768w, https:\/\/arnaud-rodriguez.net\/photo\/wp-content\/uploads\/2025\/10\/corps-caches-DSC_7842-2-1536x1022.jpg 1536w, https:\/\/arnaud-rodriguez.net\/photo\/wp-content\/uploads\/2025\/10\/corps-caches-DSC_7842-2.jpg 1800w\" sizes=\"auto, (max-width: 960px) 100vw, 960px\" \/><\/figure>\n\n\n\n<figure class=\"wp-block-image size-large\"><img loading=\"lazy\" decoding=\"async\" width=\"960\" height=\"640\" data-id=\"14741\" src=\"https:\/\/arnaud-rodriguez.net\/photo\/wp-content\/uploads\/2025\/10\/corps-caches-DSC_6792-copie-2-copie-2-960x640.jpg\" alt=\"\" class=\"wp-image-14741\" srcset=\"https:\/\/arnaud-rodriguez.net\/photo\/wp-content\/uploads\/2025\/10\/corps-caches-DSC_6792-copie-2-copie-2-960x640.jpg 960w, https:\/\/arnaud-rodriguez.net\/photo\/wp-content\/uploads\/2025\/10\/corps-caches-DSC_6792-copie-2-copie-2-300x200.jpg 300w, https:\/\/arnaud-rodriguez.net\/photo\/wp-content\/uploads\/2025\/10\/corps-caches-DSC_6792-copie-2-copie-2-768x512.jpg 768w, https:\/\/arnaud-rodriguez.net\/photo\/wp-content\/uploads\/2025\/10\/corps-caches-DSC_6792-copie-2-copie-2-1536x1024.jpg 1536w, https:\/\/arnaud-rodriguez.net\/photo\/wp-content\/uploads\/2025\/10\/corps-caches-DSC_6792-copie-2-copie-2.jpg 1800w\" sizes=\"auto, (max-width: 960px) 100vw, 960px\" \/><\/figure>\n<\/figure>\n\n\n\n<figure class=\"wp-block-gallery has-nested-images columns-default is-cropped wp-block-gallery-4 is-layout-flex wp-block-gallery-is-layout-flex\">\n<figure class=\"wp-block-image size-large\"><img loading=\"lazy\" decoding=\"async\" width=\"683\" height=\"1024\" data-id=\"14735\" src=\"https:\/\/arnaud-rodriguez.net\/photo\/wp-content\/uploads\/2025\/10\/corps-caches_zl-DSC_7980-copie-683x1024.jpg\" alt=\"\" class=\"wp-image-14735\" srcset=\"https:\/\/arnaud-rodriguez.net\/photo\/wp-content\/uploads\/2025\/10\/corps-caches_zl-DSC_7980-copie-683x1024.jpg 683w, https:\/\/arnaud-rodriguez.net\/photo\/wp-content\/uploads\/2025\/10\/corps-caches_zl-DSC_7980-copie-200x300.jpg 200w, https:\/\/arnaud-rodriguez.net\/photo\/wp-content\/uploads\/2025\/10\/corps-caches_zl-DSC_7980-copie-768x1152.jpg 768w, https:\/\/arnaud-rodriguez.net\/photo\/wp-content\/uploads\/2025\/10\/corps-caches_zl-DSC_7980-copie-1024x1536.jpg 1024w, https:\/\/arnaud-rodriguez.net\/photo\/wp-content\/uploads\/2025\/10\/corps-caches_zl-DSC_7980-copie.jpg 1200w\" sizes=\"auto, (max-width: 683px) 100vw, 683px\" \/><\/figure>\n\n\n\n<figure class=\"wp-block-image size-large\"><img loading=\"lazy\" decoding=\"async\" width=\"683\" height=\"1024\" data-id=\"14734\" src=\"https:\/\/arnaud-rodriguez.net\/photo\/wp-content\/uploads\/2025\/10\/corps-caches-DSC_5226-2-683x1024.jpg\" alt=\"\" class=\"wp-image-14734\" srcset=\"https:\/\/arnaud-rodriguez.net\/photo\/wp-content\/uploads\/2025\/10\/corps-caches-DSC_5226-2-683x1024.jpg 683w, https:\/\/arnaud-rodriguez.net\/photo\/wp-content\/uploads\/2025\/10\/corps-caches-DSC_5226-2-200x300.jpg 200w, https:\/\/arnaud-rodriguez.net\/photo\/wp-content\/uploads\/2025\/10\/corps-caches-DSC_5226-2-768x1152.jpg 768w, https:\/\/arnaud-rodriguez.net\/photo\/wp-content\/uploads\/2025\/10\/corps-caches-DSC_5226-2-1024x1536.jpg 1024w, https:\/\/arnaud-rodriguez.net\/photo\/wp-content\/uploads\/2025\/10\/corps-caches-DSC_5226-2.jpg 1200w\" sizes=\"auto, (max-width: 683px) 100vw, 683px\" \/><\/figure>\n\n\n\n<figure class=\"wp-block-image size-large\"><img loading=\"lazy\" decoding=\"async\" width=\"683\" height=\"1024\" data-id=\"14737\" src=\"https:\/\/arnaud-rodriguez.net\/photo\/wp-content\/uploads\/2025\/10\/corps-caches_stan-DSC_5892-copie-683x1024.jpg\" alt=\"\" class=\"wp-image-14737\" srcset=\"https:\/\/arnaud-rodriguez.net\/photo\/wp-content\/uploads\/2025\/10\/corps-caches_stan-DSC_5892-copie-683x1024.jpg 683w, https:\/\/arnaud-rodriguez.net\/photo\/wp-content\/uploads\/2025\/10\/corps-caches_stan-DSC_5892-copie-200x300.jpg 200w, https:\/\/arnaud-rodriguez.net\/photo\/wp-content\/uploads\/2025\/10\/corps-caches_stan-DSC_5892-copie-768x1151.jpg 768w, https:\/\/arnaud-rodriguez.net\/photo\/wp-content\/uploads\/2025\/10\/corps-caches_stan-DSC_5892-copie-1025x1536.jpg 1025w, https:\/\/arnaud-rodriguez.net\/photo\/wp-content\/uploads\/2025\/10\/corps-caches_stan-DSC_5892-copie.jpg 1200w\" sizes=\"auto, (max-width: 683px) 100vw, 683px\" \/><\/figure>\n\n\n\n<figure class=\"wp-block-image size-large\"><img loading=\"lazy\" decoding=\"async\" width=\"960\" height=\"640\" data-id=\"14736\" src=\"https:\/\/arnaud-rodriguez.net\/photo\/wp-content\/uploads\/2025\/10\/corps-caches-DSC_5213-2-960x640.jpg\" alt=\"\" class=\"wp-image-14736\" srcset=\"https:\/\/arnaud-rodriguez.net\/photo\/wp-content\/uploads\/2025\/10\/corps-caches-DSC_5213-2-960x640.jpg 960w, https:\/\/arnaud-rodriguez.net\/photo\/wp-content\/uploads\/2025\/10\/corps-caches-DSC_5213-2-300x200.jpg 300w, https:\/\/arnaud-rodriguez.net\/photo\/wp-content\/uploads\/2025\/10\/corps-caches-DSC_5213-2-768x512.jpg 768w, https:\/\/arnaud-rodriguez.net\/photo\/wp-content\/uploads\/2025\/10\/corps-caches-DSC_5213-2-1536x1024.jpg 1536w, https:\/\/arnaud-rodriguez.net\/photo\/wp-content\/uploads\/2025\/10\/corps-caches-DSC_5213-2.jpg 1800w\" sizes=\"auto, (max-width: 960px) 100vw, 960px\" \/><\/figure>\n<\/figure>\n\n\n\n<h3 class=\"wp-block-heading\">Corps li\u00e9s<\/h3>\n\n\n\n<p>Je d\u00e9place les regards, les corps et les usages. <\/p>\n\n\n\n<figure class=\"wp-block-gallery has-nested-images columns-2 is-cropped wp-block-gallery-5 is-layout-flex wp-block-gallery-is-layout-flex\">\n<figure class=\"wp-block-image size-large\"><img loading=\"lazy\" decoding=\"async\" width=\"717\" height=\"1024\" data-id=\"7752\" src=\"https:\/\/arnaud-rodriguez.net\/photo\/wp-content\/uploads\/2024\/11\/fb-DSC_5482-copie-717x1024.jpg\" alt=\"\" class=\"wp-image-7752\" srcset=\"https:\/\/arnaud-rodriguez.net\/photo\/wp-content\/uploads\/2024\/11\/fb-DSC_5482-copie-717x1024.jpg 717w, https:\/\/arnaud-rodriguez.net\/photo\/wp-content\/uploads\/2024\/11\/fb-DSC_5482-copie-210x300.jpg 210w, https:\/\/arnaud-rodriguez.net\/photo\/wp-content\/uploads\/2024\/11\/fb-DSC_5482-copie-768x1097.jpg 768w, https:\/\/arnaud-rodriguez.net\/photo\/wp-content\/uploads\/2024\/11\/fb-DSC_5482-copie-1075x1536.jpg 1075w, https:\/\/arnaud-rodriguez.net\/photo\/wp-content\/uploads\/2024\/11\/fb-DSC_5482-copie.jpg 1400w\" sizes=\"auto, (max-width: 717px) 100vw, 717px\" \/><\/figure>\n\n\n\n<figure class=\"wp-block-image size-large\"><img loading=\"lazy\" decoding=\"async\" width=\"717\" height=\"1024\" data-id=\"7741\" src=\"https:\/\/arnaud-rodriguez.net\/photo\/wp-content\/uploads\/2024\/11\/fb-9989-_p-SC_7872-copie-717x1024.jpg\" alt=\"\" class=\"wp-image-7741\" srcset=\"https:\/\/arnaud-rodriguez.net\/photo\/wp-content\/uploads\/2024\/11\/fb-9989-_p-SC_7872-copie-717x1024.jpg 717w, https:\/\/arnaud-rodriguez.net\/photo\/wp-content\/uploads\/2024\/11\/fb-9989-_p-SC_7872-copie-210x300.jpg 210w, https:\/\/arnaud-rodriguez.net\/photo\/wp-content\/uploads\/2024\/11\/fb-9989-_p-SC_7872-copie-768x1097.jpg 768w, https:\/\/arnaud-rodriguez.net\/photo\/wp-content\/uploads\/2024\/11\/fb-9989-_p-SC_7872-copie-1075x1536.jpg 1075w, https:\/\/arnaud-rodriguez.net\/photo\/wp-content\/uploads\/2024\/11\/fb-9989-_p-SC_7872-copie.jpg 1400w\" sizes=\"auto, (max-width: 717px) 100vw, 717px\" \/><\/figure>\n\n\n\n<figure class=\"wp-block-image size-large\"><img loading=\"lazy\" decoding=\"async\" width=\"717\" height=\"1024\" data-id=\"7742\" src=\"https:\/\/arnaud-rodriguez.net\/photo\/wp-content\/uploads\/2024\/11\/fb-DSC_5818-copie-717x1024.jpg\" alt=\"\" class=\"wp-image-7742\" srcset=\"https:\/\/arnaud-rodriguez.net\/photo\/wp-content\/uploads\/2024\/11\/fb-DSC_5818-copie-717x1024.jpg 717w, https:\/\/arnaud-rodriguez.net\/photo\/wp-content\/uploads\/2024\/11\/fb-DSC_5818-copie-210x300.jpg 210w, https:\/\/arnaud-rodriguez.net\/photo\/wp-content\/uploads\/2024\/11\/fb-DSC_5818-copie-768x1097.jpg 768w, https:\/\/arnaud-rodriguez.net\/photo\/wp-content\/uploads\/2024\/11\/fb-DSC_5818-copie-1075x1536.jpg 1075w, https:\/\/arnaud-rodriguez.net\/photo\/wp-content\/uploads\/2024\/11\/fb-DSC_5818-copie.jpg 1400w\" sizes=\"auto, (max-width: 717px) 100vw, 717px\" \/><\/figure>\n\n\n\n<figure class=\"wp-block-image size-large\"><img loading=\"lazy\" decoding=\"async\" width=\"717\" height=\"1024\" data-id=\"7743\" src=\"https:\/\/arnaud-rodriguez.net\/photo\/wp-content\/uploads\/2024\/11\/fn-_i-2-stan-DSC_5868-717x1024.jpg\" alt=\"\" class=\"wp-image-7743\" srcset=\"https:\/\/arnaud-rodriguez.net\/photo\/wp-content\/uploads\/2024\/11\/fn-_i-2-stan-DSC_5868-717x1024.jpg 717w, https:\/\/arnaud-rodriguez.net\/photo\/wp-content\/uploads\/2024\/11\/fn-_i-2-stan-DSC_5868-210x300.jpg 210w, https:\/\/arnaud-rodriguez.net\/photo\/wp-content\/uploads\/2024\/11\/fn-_i-2-stan-DSC_5868-768x1097.jpg 768w, https:\/\/arnaud-rodriguez.net\/photo\/wp-content\/uploads\/2024\/11\/fn-_i-2-stan-DSC_5868-1075x1536.jpg 1075w, https:\/\/arnaud-rodriguez.net\/photo\/wp-content\/uploads\/2024\/11\/fn-_i-2-stan-DSC_5868.jpg 1400w\" sizes=\"auto, (max-width: 717px) 100vw, 717px\" \/><\/figure>\n\n\n\n<figure class=\"wp-block-image size-large\"><img loading=\"lazy\" decoding=\"async\" width=\"683\" height=\"1024\" data-id=\"14749\" src=\"https:\/\/arnaud-rodriguez.net\/photo\/wp-content\/uploads\/2025\/10\/rodriguez-public-averti-DSC_9480-copie-1-683x1024.jpg\" alt=\"\" class=\"wp-image-14749\" srcset=\"https:\/\/arnaud-rodriguez.net\/photo\/wp-content\/uploads\/2025\/10\/rodriguez-public-averti-DSC_9480-copie-1-683x1024.jpg 683w, https:\/\/arnaud-rodriguez.net\/photo\/wp-content\/uploads\/2025\/10\/rodriguez-public-averti-DSC_9480-copie-1-200x300.jpg 200w, https:\/\/arnaud-rodriguez.net\/photo\/wp-content\/uploads\/2025\/10\/rodriguez-public-averti-DSC_9480-copie-1-768x1152.jpg 768w, https:\/\/arnaud-rodriguez.net\/photo\/wp-content\/uploads\/2025\/10\/rodriguez-public-averti-DSC_9480-copie-1.jpg 800w\" sizes=\"auto, (max-width: 683px) 100vw, 683px\" \/><\/figure>\n<\/figure>\n\n\n\n<figure class=\"wp-block-image size-large\"><img loading=\"lazy\" decoding=\"async\" width=\"960\" height=\"640\" src=\"https:\/\/arnaud-rodriguez.net\/photo\/wp-content\/uploads\/2024\/11\/stan-DSC_5456-960x640.jpg\" alt=\"\" class=\"wp-image-7748\" srcset=\"https:\/\/arnaud-rodriguez.net\/photo\/wp-content\/uploads\/2024\/11\/stan-DSC_5456-960x640.jpg 960w, https:\/\/arnaud-rodriguez.net\/photo\/wp-content\/uploads\/2024\/11\/stan-DSC_5456-300x200.jpg 300w, https:\/\/arnaud-rodriguez.net\/photo\/wp-content\/uploads\/2024\/11\/stan-DSC_5456-768x512.jpg 768w, https:\/\/arnaud-rodriguez.net\/photo\/wp-content\/uploads\/2024\/11\/stan-DSC_5456-1536x1024.jpg 1536w, https:\/\/arnaud-rodriguez.net\/photo\/wp-content\/uploads\/2024\/11\/stan-DSC_5456.jpg 1800w\" sizes=\"auto, (max-width: 960px) 100vw, 960px\" \/><\/figure>\n","protected":false},"excerpt":{"rendered":"<p>Ma recherche sur les photos intimes ou de nus (voir le projet Pr\u00e9nom Z) s\u2019est tr\u00e8s vite d\u00e9plac\u00e9e vers une question : comment montrer sans montrer ? C&rsquo;est-\u00e0-dire, comment montrer des corps sans \u00ab\u00a0l&rsquo;obsession\u00a0\u00bb du corps. Sans la frontalit\u00e9, sans leur pr\u00e9sence absolue. Puis-je oublier \/ faire oublier le corps photographi\u00e9, pourtant photographi\u00e9 ? Comment [&hellip;]<\/p>\n","protected":false},"author":2,"featured_media":0,"parent":0,"menu_order":0,"comment_status":"closed","ping_status":"closed","template":"","meta":{"_monsterinsights_skip_tracking":false,"_monsterinsights_sitenote_active":false,"_monsterinsights_sitenote_note":"","_monsterinsights_sitenote_category":0,"footnotes":""},"class_list":["post-14721","page","type-page","status-publish","hentry"],"aioseo_notices":[],"_links":{"self":[{"href":"https:\/\/arnaud-rodriguez.net\/photo\/wp-json\/wp\/v2\/pages\/14721","targetHints":{"allow":["GET"]}}],"collection":[{"href":"https:\/\/arnaud-rodriguez.net\/photo\/wp-json\/wp\/v2\/pages"}],"about":[{"href":"https:\/\/arnaud-rodriguez.net\/photo\/wp-json\/wp\/v2\/types\/page"}],"author":[{"embeddable":true,"href":"https:\/\/arnaud-rodriguez.net\/photo\/wp-json\/wp\/v2\/users\/2"}],"replies":[{"embeddable":true,"href":"https:\/\/arnaud-rodriguez.net\/photo\/wp-json\/wp\/v2\/comments?post=14721"}],"version-history":[{"count":3,"href":"https:\/\/arnaud-rodriguez.net\/photo\/wp-json\/wp\/v2\/pages\/14721\/revisions"}],"predecessor-version":[{"id":14751,"href":"https:\/\/arnaud-rodriguez.net\/photo\/wp-json\/wp\/v2\/pages\/14721\/revisions\/14751"}],"wp:attachment":[{"href":"https:\/\/arnaud-rodriguez.net\/photo\/wp-json\/wp\/v2\/media?parent=14721"}],"curies":[{"name":"wp","href":"https:\/\/api.w.org\/{rel}","templated":true}]}}