{"id":1927,"date":"2015-06-11T02:35:42","date_gmt":"2014-08-11T08:22:55","guid":{"rendered":"http:\/\/www.avec-un-z.fr\/photo\/?page_id=1927"},"modified":"2022-11-14T20:16:37","modified_gmt":"2022-11-14T19:16:37","slug":"vous-suivre","status":"publish","type":"page","link":"https:\/\/arnaud-rodriguez.net\/photo\/series\/vous-suivre\/","title":{"rendered":"Vous suivre"},"content":{"rendered":"<p>Lors d\u2019un premier s\u00e9jour au Japon en ao\u00fbt 2011, parmi les milliers d\u2019images rapport\u00e9es, je me suis attach\u00e9 \u00e0 celles de passants que j\u2019ai suivis, aux profils qui s\u2019appr\u00eataient \u00e0 dispara\u00eetre. Leur pr\u00e9sence \u00e9ph\u00e9m\u00e8re impr\u00e8gne ces moments d\u2019une pudeur naturelle. Mais cette distance t\u00e9moigne \u00e9galement d\u2019une retenue, la mienne.<\/p>\n<p>Cette s\u00e9rie a fait l&rsquo;objet de trois <a title=\"Expositions\" href=\"http:\/\/www.arnaud-rodriguez.net\/photo\/expositions\/\">expositions<\/a>.<\/p>\n<p><img loading=\"lazy\" decoding=\"async\" class=\"alignnone size-full wp-image-1982\" src=\"http:\/\/www.arnaud-rodriguez.net\/photo\/wp-content\/uploads\/2014\/08\/vousSuivre-DSC_0358.jpg\" alt=\"vousSuivre-DSC_0358\" width=\"960\" height=\"640\" srcset=\"https:\/\/arnaud-rodriguez.net\/photo\/wp-content\/uploads\/2014\/08\/vousSuivre-DSC_0358.jpg 960w, https:\/\/arnaud-rodriguez.net\/photo\/wp-content\/uploads\/2014\/08\/vousSuivre-DSC_0358-300x200.jpg 300w, https:\/\/arnaud-rodriguez.net\/photo\/wp-content\/uploads\/2014\/08\/vousSuivre-DSC_0358-768x512.jpg 768w\" sizes=\"auto, (max-width: 960px) 100vw, 960px\" \/><\/p>\n<p><img loading=\"lazy\" decoding=\"async\" class=\"alignnone wp-image-2120 size-full\" src=\"http:\/\/www.arnaud-rodriguez.net\/photo\/wp-content\/uploads\/2014\/08\/vousSuivre-DSC_2645.jpg\" alt=\"vousSuivre-DSC_2645\" width=\"960\" height=\"640\" srcset=\"https:\/\/arnaud-rodriguez.net\/photo\/wp-content\/uploads\/2014\/08\/vousSuivre-DSC_2645.jpg 960w, https:\/\/arnaud-rodriguez.net\/photo\/wp-content\/uploads\/2014\/08\/vousSuivre-DSC_2645-300x200.jpg 300w, https:\/\/arnaud-rodriguez.net\/photo\/wp-content\/uploads\/2014\/08\/vousSuivre-DSC_2645-768x512.jpg 768w\" sizes=\"auto, (max-width: 960px) 100vw, 960px\" \/> <\/p>\n<p><img loading=\"lazy\" decoding=\"async\" class=\"alignnone wp-image-2121 size-full\" src=\"http:\/\/www.arnaud-rodriguez.net\/photo\/wp-content\/uploads\/2014\/08\/voussuivre-DSC_8344.jpg\" alt=\"voussuivre-DSC_8344\" width=\"960\" height=\"640\" srcset=\"https:\/\/arnaud-rodriguez.net\/photo\/wp-content\/uploads\/2014\/08\/voussuivre-DSC_8344.jpg 960w, https:\/\/arnaud-rodriguez.net\/photo\/wp-content\/uploads\/2014\/08\/voussuivre-DSC_8344-300x200.jpg 300w, https:\/\/arnaud-rodriguez.net\/photo\/wp-content\/uploads\/2014\/08\/voussuivre-DSC_8344-768x512.jpg 768w\" sizes=\"auto, (max-width: 960px) 100vw, 960px\" \/> <\/p>\n<p><img loading=\"lazy\" decoding=\"async\" class=\"alignnone wp-image-2122 size-full\" src=\"http:\/\/www.arnaud-rodriguez.net\/photo\/wp-content\/uploads\/2014\/08\/vousSuivre-DSC_8491.jpg\" alt=\"vousSuivre-DSC_8491\" width=\"960\" height=\"640\" srcset=\"https:\/\/arnaud-rodriguez.net\/photo\/wp-content\/uploads\/2014\/08\/vousSuivre-DSC_8491.jpg 960w, https:\/\/arnaud-rodriguez.net\/photo\/wp-content\/uploads\/2014\/08\/vousSuivre-DSC_8491-300x200.jpg 300w, https:\/\/arnaud-rodriguez.net\/photo\/wp-content\/uploads\/2014\/08\/vousSuivre-DSC_8491-768x512.jpg 768w\" sizes=\"auto, (max-width: 960px) 100vw, 960px\" \/> <\/p>\n<p><img loading=\"lazy\" decoding=\"async\" class=\"alignnone wp-image-2123 size-full\" src=\"http:\/\/www.arnaud-rodriguez.net\/photo\/wp-content\/uploads\/2014\/08\/voussuivre-dsc_9620.jpg\" alt=\"voussuivre-dsc_9620\" width=\"960\" height=\"640\" srcset=\"https:\/\/arnaud-rodriguez.net\/photo\/wp-content\/uploads\/2014\/08\/voussuivre-dsc_9620.jpg 960w, https:\/\/arnaud-rodriguez.net\/photo\/wp-content\/uploads\/2014\/08\/voussuivre-dsc_9620-300x200.jpg 300w, https:\/\/arnaud-rodriguez.net\/photo\/wp-content\/uploads\/2014\/08\/voussuivre-dsc_9620-768x512.jpg 768w\" sizes=\"auto, (max-width: 960px) 100vw, 960px\" \/> <\/p>\n<p><img loading=\"lazy\" decoding=\"async\" class=\"alignnone wp-image-2124 size-full\" src=\"http:\/\/www.arnaud-rodriguez.net\/photo\/wp-content\/uploads\/2014\/08\/voussuivre-dsc_9865.jpg\" alt=\"voussuivre-dsc_9865\" width=\"960\" height=\"640\" srcset=\"https:\/\/arnaud-rodriguez.net\/photo\/wp-content\/uploads\/2014\/08\/voussuivre-dsc_9865.jpg 960w, https:\/\/arnaud-rodriguez.net\/photo\/wp-content\/uploads\/2014\/08\/voussuivre-dsc_9865-300x200.jpg 300w, https:\/\/arnaud-rodriguez.net\/photo\/wp-content\/uploads\/2014\/08\/voussuivre-dsc_9865-768x512.jpg 768w\" sizes=\"auto, (max-width: 960px) 100vw, 960px\" \/><\/p>\n<p><img loading=\"lazy\" decoding=\"async\" class=\"alignnone wp-image-2125 size-full\" src=\"http:\/\/www.arnaud-rodriguez.net\/photo\/wp-content\/uploads\/2014\/08\/voussuivre-DSC_1422.jpg\" alt=\"voussuivre-DSC_1422\" width=\"960\" height=\"640\" srcset=\"https:\/\/arnaud-rodriguez.net\/photo\/wp-content\/uploads\/2014\/08\/voussuivre-DSC_1422.jpg 960w, https:\/\/arnaud-rodriguez.net\/photo\/wp-content\/uploads\/2014\/08\/voussuivre-DSC_1422-300x200.jpg 300w, https:\/\/arnaud-rodriguez.net\/photo\/wp-content\/uploads\/2014\/08\/voussuivre-DSC_1422-768x512.jpg 768w\" sizes=\"auto, (max-width: 960px) 100vw, 960px\" \/><\/p>\n<p>&nbsp;<\/p>\n","protected":false},"excerpt":{"rendered":"<p>Lors d\u2019un premier s\u00e9jour au Japon en ao\u00fbt 2011, parmi les milliers d\u2019images rapport\u00e9es, je me suis attach\u00e9 \u00e0 celles de passants que j\u2019ai suivis, aux profils qui s\u2019appr\u00eataient \u00e0 dispara\u00eetre. Leur pr\u00e9sence \u00e9ph\u00e9m\u00e8re impr\u00e8gne ces moments d\u2019une pudeur naturelle. Mais cette distance t\u00e9moigne \u00e9galement d\u2019une retenue, la mienne. Cette s\u00e9rie a fait l&rsquo;objet de [&hellip;]<\/p>\n","protected":false},"author":2,"featured_media":0,"parent":1245,"menu_order":1,"comment_status":"closed","ping_status":"closed","template":"","meta":{"_monsterinsights_skip_tracking":false,"_monsterinsights_sitenote_active":false,"_monsterinsights_sitenote_note":"","_monsterinsights_sitenote_category":0,"footnotes":""},"class_list":["post-1927","page","type-page","status-publish","hentry"],"aioseo_notices":[],"_links":{"self":[{"href":"https:\/\/arnaud-rodriguez.net\/photo\/wp-json\/wp\/v2\/pages\/1927","targetHints":{"allow":["GET"]}}],"collection":[{"href":"https:\/\/arnaud-rodriguez.net\/photo\/wp-json\/wp\/v2\/pages"}],"about":[{"href":"https:\/\/arnaud-rodriguez.net\/photo\/wp-json\/wp\/v2\/types\/page"}],"author":[{"embeddable":true,"href":"https:\/\/arnaud-rodriguez.net\/photo\/wp-json\/wp\/v2\/users\/2"}],"replies":[{"embeddable":true,"href":"https:\/\/arnaud-rodriguez.net\/photo\/wp-json\/wp\/v2\/comments?post=1927"}],"version-history":[{"count":1,"href":"https:\/\/arnaud-rodriguez.net\/photo\/wp-json\/wp\/v2\/pages\/1927\/revisions"}],"predecessor-version":[{"id":6694,"href":"https:\/\/arnaud-rodriguez.net\/photo\/wp-json\/wp\/v2\/pages\/1927\/revisions\/6694"}],"up":[{"embeddable":true,"href":"https:\/\/arnaud-rodriguez.net\/photo\/wp-json\/wp\/v2\/pages\/1245"}],"wp:attachment":[{"href":"https:\/\/arnaud-rodriguez.net\/photo\/wp-json\/wp\/v2\/media?parent=1927"}],"curies":[{"name":"wp","href":"https:\/\/api.w.org\/{rel}","templated":true}]}}