{"id":2942,"date":"2015-06-11T02:51:23","date_gmt":"2015-05-14T01:08:42","guid":{"rendered":"http:\/\/www.arnaudrodriguez.net\/?page_id=2942"},"modified":"2023-11-05T17:25:13","modified_gmt":"2023-11-05T16:25:13","slug":"jeux-denfants","status":"publish","type":"page","link":"https:\/\/arnaud-rodriguez.net\/photo\/series\/jeux-denfants\/","title":{"rendered":"Jeux d&rsquo;enfants"},"content":{"rendered":"\n<p>Kyoto &#8211; 2014, 2017.<\/p>\n\n\n\n<p>Il y a parfois dans les jardins d&rsquo;enfants de Kyoto quelque chose d&rsquo;\u00e9teint, au-del\u00e0 des couleurs pastels et des peintures \u00e9caill\u00e9es. Comme si l&rsquo;environnement de jeux devait \u00eatre d\u00e9j\u00e0, \u00e0 l&rsquo;\u00e2ge o\u00f9 l&rsquo;on n&rsquo;a pas peur de se faire des bleus, \u00e0 l&rsquo;image du temps qui passe. Il y a parfois des herbes hautes. Mais aussi des cochons roses vifs.<\/p>\n\n\n\n<p>Ce travail a fait l&rsquo;objet d&rsquo;une publication dans l&rsquo;ouvrage <em><strong>Anthologie Aires de jeux au Japon<\/strong><\/em> aux \u00e9ditions Tombolo Press (2019).<\/p>\n\n\n\n<figure class=\"wp-block-image\"><img loading=\"lazy\" decoding=\"async\" width=\"960\" height=\"640\" src=\"http:\/\/www.arnaud-rodriguez.net\/photo\/wp-content\/uploads\/2015\/05\/140929-DSC_3438.jpg\" alt=\"140929-DSC_3438\" class=\"wp-image-2947\" srcset=\"https:\/\/arnaud-rodriguez.net\/photo\/wp-content\/uploads\/2015\/05\/140929-DSC_3438.jpg 960w, https:\/\/arnaud-rodriguez.net\/photo\/wp-content\/uploads\/2015\/05\/140929-DSC_3438-300x200.jpg 300w, https:\/\/arnaud-rodriguez.net\/photo\/wp-content\/uploads\/2015\/05\/140929-DSC_3438-768x512.jpg 768w\" sizes=\"auto, (max-width: 960px) 100vw, 960px\" \/><\/figure>\n\n\n\n<figure class=\"wp-block-image\"><img loading=\"lazy\" decoding=\"async\" width=\"960\" height=\"639\" src=\"http:\/\/www.arnaud-rodriguez.net\/photo\/wp-content\/uploads\/2015\/05\/141202-DSC_6869.jpg\" alt=\"141202-DSC_6869\" class=\"wp-image-2946\" srcset=\"https:\/\/arnaud-rodriguez.net\/photo\/wp-content\/uploads\/2015\/05\/141202-DSC_6869.jpg 960w, https:\/\/arnaud-rodriguez.net\/photo\/wp-content\/uploads\/2015\/05\/141202-DSC_6869-300x200.jpg 300w, https:\/\/arnaud-rodriguez.net\/photo\/wp-content\/uploads\/2015\/05\/141202-DSC_6869-768x511.jpg 768w\" sizes=\"auto, (max-width: 960px) 100vw, 960px\" \/><\/figure>\n\n\n\n<figure class=\"wp-block-image\"><img loading=\"lazy\" decoding=\"async\" width=\"1200\" height=\"798\" src=\"http:\/\/www.arnaud-rodriguez.net\/photo\/wp-content\/uploads\/2015\/05\/DSC_9986.jpg\" alt=\"DSC_9986\" class=\"wp-image-2954\" srcset=\"https:\/\/arnaud-rodriguez.net\/photo\/wp-content\/uploads\/2015\/05\/DSC_9986.jpg 1200w, https:\/\/arnaud-rodriguez.net\/photo\/wp-content\/uploads\/2015\/05\/DSC_9986-300x200.jpg 300w, https:\/\/arnaud-rodriguez.net\/photo\/wp-content\/uploads\/2015\/05\/DSC_9986-768x511.jpg 768w, https:\/\/arnaud-rodriguez.net\/photo\/wp-content\/uploads\/2015\/05\/DSC_9986-1024x681.jpg 1024w\" sizes=\"auto, (max-width: 1200px) 100vw, 1200px\" \/><\/figure>\n\n\n\n<figure class=\"wp-block-image\"><img loading=\"lazy\" decoding=\"async\" width=\"960\" height=\"638\" src=\"http:\/\/www.arnaud-rodriguez.net\/photo\/wp-content\/uploads\/2015\/05\/DSC_2030.jpg\" alt=\"DSC_2030\" class=\"wp-image-2943\" srcset=\"https:\/\/arnaud-rodriguez.net\/photo\/wp-content\/uploads\/2015\/05\/DSC_2030.jpg 960w, https:\/\/arnaud-rodriguez.net\/photo\/wp-content\/uploads\/2015\/05\/DSC_2030-300x199.jpg 300w, https:\/\/arnaud-rodriguez.net\/photo\/wp-content\/uploads\/2015\/05\/DSC_2030-768x510.jpg 768w\" sizes=\"auto, (max-width: 960px) 100vw, 960px\" \/><\/figure>\n\n\n\n<figure class=\"wp-block-image\"><img loading=\"lazy\" decoding=\"async\" width=\"960\" height=\"638\" src=\"http:\/\/www.arnaud-rodriguez.net\/photo\/wp-content\/uploads\/2015\/05\/DSC_2025.jpg\" alt=\"DSC_2025\" class=\"wp-image-2944\" srcset=\"https:\/\/arnaud-rodriguez.net\/photo\/wp-content\/uploads\/2015\/05\/DSC_2025.jpg 960w, https:\/\/arnaud-rodriguez.net\/photo\/wp-content\/uploads\/2015\/05\/DSC_2025-300x199.jpg 300w, https:\/\/arnaud-rodriguez.net\/photo\/wp-content\/uploads\/2015\/05\/DSC_2025-768x510.jpg 768w\" sizes=\"auto, (max-width: 960px) 100vw, 960px\" \/><\/figure>\n\n\n\n<figure class=\"wp-block-image\"><img loading=\"lazy\" decoding=\"async\" width=\"960\" height=\"638\" src=\"http:\/\/www.arnaud-rodriguez.net\/photo\/wp-content\/uploads\/2015\/05\/150223-DSC_9319.jpg\" alt=\"150223-DSC_9319\" class=\"wp-image-2948\" srcset=\"https:\/\/arnaud-rodriguez.net\/photo\/wp-content\/uploads\/2015\/05\/150223-DSC_9319.jpg 960w, https:\/\/arnaud-rodriguez.net\/photo\/wp-content\/uploads\/2015\/05\/150223-DSC_9319-300x199.jpg 300w, https:\/\/arnaud-rodriguez.net\/photo\/wp-content\/uploads\/2015\/05\/150223-DSC_9319-768x510.jpg 768w\" sizes=\"auto, (max-width: 960px) 100vw, 960px\" \/><\/figure>\n","protected":false},"excerpt":{"rendered":"<p>Kyoto &#8211; 2014, 2017. Il y a parfois dans les jardins d&rsquo;enfants de Kyoto quelque chose d&rsquo;\u00e9teint, au-del\u00e0 des couleurs pastels et des peintures \u00e9caill\u00e9es. Comme si l&rsquo;environnement de jeux devait \u00eatre d\u00e9j\u00e0, \u00e0 l&rsquo;\u00e2ge o\u00f9 l&rsquo;on n&rsquo;a pas peur de se faire des bleus, \u00e0 l&rsquo;image du temps qui passe. Il y a parfois [&hellip;]<\/p>\n","protected":false},"author":2,"featured_media":0,"parent":1245,"menu_order":0,"comment_status":"open","ping_status":"closed","template":"","meta":{"_monsterinsights_skip_tracking":false,"_monsterinsights_sitenote_active":false,"_monsterinsights_sitenote_note":"","_monsterinsights_sitenote_category":0,"footnotes":""},"class_list":["post-2942","page","type-page","status-publish","hentry"],"aioseo_notices":[],"_links":{"self":[{"href":"https:\/\/arnaud-rodriguez.net\/photo\/wp-json\/wp\/v2\/pages\/2942","targetHints":{"allow":["GET"]}}],"collection":[{"href":"https:\/\/arnaud-rodriguez.net\/photo\/wp-json\/wp\/v2\/pages"}],"about":[{"href":"https:\/\/arnaud-rodriguez.net\/photo\/wp-json\/wp\/v2\/types\/page"}],"author":[{"embeddable":true,"href":"https:\/\/arnaud-rodriguez.net\/photo\/wp-json\/wp\/v2\/users\/2"}],"replies":[{"embeddable":true,"href":"https:\/\/arnaud-rodriguez.net\/photo\/wp-json\/wp\/v2\/comments?post=2942"}],"version-history":[{"count":2,"href":"https:\/\/arnaud-rodriguez.net\/photo\/wp-json\/wp\/v2\/pages\/2942\/revisions"}],"predecessor-version":[{"id":7044,"href":"https:\/\/arnaud-rodriguez.net\/photo\/wp-json\/wp\/v2\/pages\/2942\/revisions\/7044"}],"up":[{"embeddable":true,"href":"https:\/\/arnaud-rodriguez.net\/photo\/wp-json\/wp\/v2\/pages\/1245"}],"wp:attachment":[{"href":"https:\/\/arnaud-rodriguez.net\/photo\/wp-json\/wp\/v2\/media?parent=2942"}],"curies":[{"name":"wp","href":"https:\/\/api.w.org\/{rel}","templated":true}]}}