{"id":3361,"date":"2015-12-23T03:27:49","date_gmt":"2015-07-16T01:55:40","guid":{"rendered":"http:\/\/www.arnaudrodriguez.net\/?page_id=3361"},"modified":"2022-11-14T20:16:36","modified_gmt":"2022-11-14T19:16:36","slug":"inventaire-1","status":"publish","type":"page","link":"https:\/\/arnaud-rodriguez.net\/photo\/series\/inventaire-1\/","title":{"rendered":"Contraste automatique #1"},"content":{"rendered":"<h3 style=\"text-transform: uppercase;\">(Inventaire pr\u00e9cipit\u00e9 avant d\u00e9part anticip\u00e9)<\/h3>\n<p>10 juillet 2014. Je pars le lendemain pour m&rsquo;installer au Japon. Je laisse en France tous les objets, tous les souvenirs. Ils sont nombreux, stock\u00e9s dans des bo\u00eetes de tout format. Dans la difficult\u00e9 de m&rsquo;en \u00e9loigner, mais \u00e9galement avec l&rsquo;id\u00e9e que cela m&rsquo;aidera \u00e0 \u00e9crire, je d\u00e9cide d&rsquo;en emporter quelques-uns avec moi, sous la forme d&rsquo;une image. Une image qui, prise dans la pr\u00e9cipitation, s&rsquo;av\u00e8re parfois loup\u00e9e.<br \/>\nTous les objets photographi\u00e9s sont li\u00e9s soit \u00e0 l&rsquo;enfance, soit \u00e0 mes grands-parents. Un an plus tard, ce sont celles li\u00e9es \u00e0 mes anc\u00eatres que je regarde encore et encore. Comme un autel \u00e0 leur m\u00e9moire, \u00e0 l&rsquo;image de ceux que l&rsquo;on trouve au Japon.<\/p>\n<p><img loading=\"lazy\" decoding=\"async\" class=\"alignnone size-full wp-image-3397\" src=\"http:\/\/www.arnaud-rodriguez.net\/photo\/wp-content\/uploads\/2015\/07\/boutons-1-DSC_8362.jpg\" alt=\"boutons-1-DSC_8362\" width=\"960\" height=\"960\" \/> <img loading=\"lazy\" decoding=\"async\" class=\"alignnone size-full wp-image-3398\" src=\"http:\/\/www.arnaud-rodriguez.net\/photo\/wp-content\/uploads\/2015\/07\/boutons-2-DSC_8361.jpg\" alt=\"boutons-2-DSC_8361\" width=\"960\" height=\"960\" \/> <img loading=\"lazy\" decoding=\"async\" class=\"alignnone size-full wp-image-3399\" src=\"http:\/\/www.arnaud-rodriguez.net\/photo\/wp-content\/uploads\/2015\/07\/bracelet-DSC_8355.jpg\" alt=\"bracelet-DSC_8355\" width=\"960\" height=\"960\" \/> <img loading=\"lazy\" decoding=\"async\" class=\"alignnone size-full wp-image-3410\" src=\"http:\/\/www.arnaud-rodriguez.net\/photo\/wp-content\/uploads\/2015\/07\/coquetier-2-DSC_8340.jpg\" alt=\"coquetier-2-DSC_8340\" width=\"960\" height=\"960\" \/> <img loading=\"lazy\" decoding=\"async\" class=\"alignnone size-full wp-image-3421\" src=\"http:\/\/www.arnaud-rodriguez.net\/photo\/wp-content\/uploads\/2015\/07\/saint-DSC_8350.jpg\" alt=\"saint-DSC_8350\" width=\"960\" height=\"960\" \/><img loading=\"lazy\" decoding=\"async\" class=\"alignnone size-full wp-image-3400\" src=\"http:\/\/www.arnaud-rodriguez.net\/photo\/wp-content\/uploads\/2015\/07\/briquet-2DSC_8358.jpg\" alt=\"briquet-2DSC_8358\" width=\"960\" height=\"960\" \/> <img loading=\"lazy\" decoding=\"async\" class=\"alignnone size-full wp-image-3401\" src=\"http:\/\/www.arnaud-rodriguez.net\/photo\/wp-content\/uploads\/2015\/07\/briquet-DSC_8351.jpg\" alt=\"briquet-DSC_8351\" width=\"960\" height=\"960\" \/> <img loading=\"lazy\" decoding=\"async\" class=\"alignnone size-full wp-image-3402\" src=\"http:\/\/www.arnaud-rodriguez.net\/photo\/wp-content\/uploads\/2015\/07\/briquet-DSC_8359.jpg\" alt=\"briquet-DSC_8359\" width=\"960\" height=\"960\" \/> <img loading=\"lazy\" decoding=\"async\" class=\"alignnone size-full wp-image-3403\" src=\"http:\/\/www.arnaud-rodriguez.net\/photo\/wp-content\/uploads\/2015\/07\/cadre-DSC_8363.jpg\" alt=\"cadre-DSC_8363\" width=\"960\" height=\"960\" \/> <img loading=\"lazy\" decoding=\"async\" class=\"alignnone size-full wp-image-3407\" src=\"http:\/\/www.arnaud-rodriguez.net\/photo\/wp-content\/uploads\/2015\/07\/chapelet-DSC_8356.jpg\" alt=\"chapelet-DSC_8356\" width=\"960\" height=\"960\" \/> <img loading=\"lazy\" decoding=\"async\" class=\"alignnone size-full wp-image-3408\" src=\"http:\/\/www.arnaud-rodriguez.net\/photo\/wp-content\/uploads\/2015\/07\/chevalie\u0300re-DSC_8360.jpg\" alt=\"chevalie\u0300re-DSC_8360\" width=\"960\" height=\"960\" \/> <img loading=\"lazy\" decoding=\"async\" class=\"alignnone size-full wp-image-3411\" src=\"http:\/\/www.arnaud-rodriguez.net\/photo\/wp-content\/uploads\/2015\/07\/coquetiers-DSC_8331.jpg\" alt=\"coquetiers-DSC_8331\" width=\"960\" height=\"960\" \/> <img loading=\"lazy\" decoding=\"async\" class=\"alignnone size-full wp-image-3413\" src=\"http:\/\/www.arnaud-rodriguez.net\/photo\/wp-content\/uploads\/2015\/07\/grelot-DSC_8353.jpg\" alt=\"grelot-DSC_8353\" width=\"960\" height=\"960\" \/> <img loading=\"lazy\" decoding=\"async\" class=\"alignnone size-full wp-image-3414\" src=\"http:\/\/www.arnaud-rodriguez.net\/photo\/wp-content\/uploads\/2015\/07\/initiales-DSC_8371.jpg\" alt=\"initiales-DSC_8371\" width=\"960\" height=\"960\" \/> <img loading=\"lazy\" decoding=\"async\" class=\"alignnone size-full wp-image-3416\" src=\"http:\/\/www.arnaud-rodriguez.net\/photo\/wp-content\/uploads\/2015\/07\/loupe-DSC_8375.jpg\" alt=\"loupe-DSC_8375\" width=\"960\" height=\"960\" \/> <img loading=\"lazy\" decoding=\"async\" class=\"alignnone size-full wp-image-3418\" src=\"http:\/\/www.arnaud-rodriguez.net\/photo\/wp-content\/uploads\/2015\/07\/montre-DSC_8357.jpg\" alt=\"montre-DSC_8357\" width=\"960\" height=\"960\" \/> <img loading=\"lazy\" decoding=\"async\" class=\"alignnone size-full wp-image-3419\" src=\"http:\/\/www.arnaud-rodriguez.net\/photo\/wp-content\/uploads\/2015\/07\/piece-DSC_8366.jpg\" alt=\"piece-DSC_8366\" width=\"960\" height=\"960\" \/> <img loading=\"lazy\" decoding=\"async\" class=\"alignnone size-full wp-image-3423\" src=\"http:\/\/www.arnaud-rodriguez.net\/photo\/wp-content\/uploads\/2015\/07\/tampon-DSC_8370.jpg\" alt=\"tampon-DSC_8370\" width=\"960\" height=\"960\" \/> <img loading=\"lazy\" decoding=\"async\" class=\"alignnone size-full wp-image-3424\" src=\"http:\/\/www.arnaud-rodriguez.net\/photo\/wp-content\/uploads\/2015\/07\/tasse-2-DSC_8339.jpg\" alt=\"tasse-2-DSC_8339\" width=\"960\" height=\"960\" \/> <img loading=\"lazy\" decoding=\"async\" class=\"alignnone size-full wp-image-3425\" src=\"http:\/\/www.arnaud-rodriguez.net\/photo\/wp-content\/uploads\/2015\/07\/tasse-DSC_8346.jpg\" alt=\"tasse-DSC_8346\" width=\"960\" height=\"960\" \/> <img loading=\"lazy\" decoding=\"async\" class=\"alignnone size-full wp-image-3426\" src=\"http:\/\/www.arnaud-rodriguez.net\/photo\/wp-content\/uploads\/2015\/07\/torchon-DSC_8337.jpg\" alt=\"torchon-DSC_8337\" width=\"960\" height=\"960\" \/> <img loading=\"lazy\" decoding=\"async\" class=\"alignnone size-full wp-image-3427\" src=\"http:\/\/www.arnaud-rodriguez.net\/photo\/wp-content\/uploads\/2015\/07\/verre-DSC_83671.jpg\" alt=\"verre-DSC_8367\" width=\"960\" height=\"960\" \/><\/p>\n<p>&nbsp;<\/p>\n<p>&nbsp;<\/p>\n<p>&nbsp;<\/p>\n","protected":false},"excerpt":{"rendered":"<p>(Inventaire pr\u00e9cipit\u00e9 avant d\u00e9part anticip\u00e9) 10 juillet 2014. Je pars le lendemain pour m&rsquo;installer au Japon. Je laisse en France tous les objets, tous les souvenirs. Ils sont nombreux, stock\u00e9s dans des bo\u00eetes de tout format. Dans la difficult\u00e9 de m&rsquo;en \u00e9loigner, mais \u00e9galement avec l&rsquo;id\u00e9e que cela m&rsquo;aidera \u00e0 \u00e9crire, je d\u00e9cide d&rsquo;en emporter [&hellip;]<\/p>\n","protected":false},"author":2,"featured_media":0,"parent":1245,"menu_order":0,"comment_status":"open","ping_status":"open","template":"","meta":{"_monsterinsights_skip_tracking":false,"_monsterinsights_sitenote_active":false,"_monsterinsights_sitenote_note":"","_monsterinsights_sitenote_category":0,"footnotes":""},"class_list":["post-3361","page","type-page","status-publish","hentry"],"aioseo_notices":[],"_links":{"self":[{"href":"https:\/\/arnaud-rodriguez.net\/photo\/wp-json\/wp\/v2\/pages\/3361","targetHints":{"allow":["GET"]}}],"collection":[{"href":"https:\/\/arnaud-rodriguez.net\/photo\/wp-json\/wp\/v2\/pages"}],"about":[{"href":"https:\/\/arnaud-rodriguez.net\/photo\/wp-json\/wp\/v2\/types\/page"}],"author":[{"embeddable":true,"href":"https:\/\/arnaud-rodriguez.net\/photo\/wp-json\/wp\/v2\/users\/2"}],"replies":[{"embeddable":true,"href":"https:\/\/arnaud-rodriguez.net\/photo\/wp-json\/wp\/v2\/comments?post=3361"}],"version-history":[{"count":2,"href":"https:\/\/arnaud-rodriguez.net\/photo\/wp-json\/wp\/v2\/pages\/3361\/revisions"}],"predecessor-version":[{"id":6690,"href":"https:\/\/arnaud-rodriguez.net\/photo\/wp-json\/wp\/v2\/pages\/3361\/revisions\/6690"}],"up":[{"embeddable":true,"href":"https:\/\/arnaud-rodriguez.net\/photo\/wp-json\/wp\/v2\/pages\/1245"}],"wp:attachment":[{"href":"https:\/\/arnaud-rodriguez.net\/photo\/wp-json\/wp\/v2\/media?parent=3361"}],"curies":[{"name":"wp","href":"https:\/\/api.w.org\/{rel}","templated":true}]}}