{"id":3724,"date":"2016-05-09T05:53:17","date_gmt":"2016-05-09T04:53:17","guid":{"rendered":"http:\/\/www.arnaudrodriguez.net\/?page_id=3724"},"modified":"2016-05-09T05:53:17","modified_gmt":"2016-05-09T04:53:17","slug":"every-day","status":"publish","type":"page","link":"https:\/\/arnaud-rodriguez.net\/photo\/expositions\/every-day\/","title":{"rendered":"Every day"},"content":{"rendered":"<h2>Exposition : Every day<\/h2>\n<p><img loading=\"lazy\" decoding=\"async\" class=\"alignright wp-image-3690 size-medium\" src=\"http:\/\/www.arnaud-rodriguez.net\/photo\/wp-content\/uploads\/2015\/10\/poster-B4-ok-326x460.jpg\" alt=\"poster-B4-ok\" width=\"326\" height=\"460\" \/>Du 23 avril au 8 mai 2016.<\/p>\n<p><a href=\"http:\/\/totousha.com\/\" target=\"_blank\">Totousha<\/a> &#8211; Kyoto<br \/>\n(<a href=\"https:\/\/www.google.co.jp\/maps\/place\/%E9%99%B6%E3%80%85%E8%88%8E\/@35.0437053,135.738671,571m\/data=!3m2!1e3!4b1!4m2!3m1!1s0x6001a81d6f89cb61:0xb532b7d3dcade47a?hl=fr\" target=\"_blank\">Voir l&#8217;emplacement<\/a>)<\/p>\n<p>Pour <em>Every day<\/em>, Arnaud Rodriguez revenait sur les photographies prises depuis juillet 2014, date de son installation \u00e0 Kyoto.<br \/>\nL&rsquo;exposition interrogeait le fait de prendre des photographies chaque jour, sans direction pr\u00e9-\u00e9tablie, et de les montrer dans ce lieu du quotidien qu&rsquo;est une maison, o\u00f9 le <em>tokonoma<\/em> est toujours consid\u00e9r\u00e9 comme la place centrale pour exposer.<\/p>\n<p>Plusieurs <strong>c\u00e9r\u00e9monies de th\u00e9<\/strong> ont \u00e9t\u00e9 propos\u00e9es dans le cadre de cette exposition.<\/p>\n<p>Une <a href=\"http:\/\/www.arnaud-rodriguez.net\/photofr\/works\/every-day\/\">publication<\/a>, partie int\u00e9grante de l&rsquo;exposition, a \u00e9t\u00e9 sp\u00e9cialement r\u00e9alis\u00e9e pour l&rsquo;exposition (cf. entretien ci-dessous).<\/p>\n<p><img loading=\"lazy\" decoding=\"async\" class=\"wp-image-3680 alignleft\" src=\"http:\/\/www.arnaud-rodriguez.net\/photo\/wp-content\/uploads\/2015\/10\/KGplus_l_col-222x228.jpg\" alt=\"KG+ - Kyotographie photography festival\" width=\"86\" height=\"88\" \/><br \/>\nDans le cadre de <a href=\"http:\/\/www.kyotographie.jp\">KG+ &#8211; Kyotographie satellite event<\/a><\/p>\n<p>&nbsp;<\/p>\n<p><img loading=\"lazy\" decoding=\"async\" class=\"wp-image-3764 size-full\" src=\"http:\/\/www.arnaud-rodriguez.net\/photo\/wp-content\/uploads\/2016\/05\/expo-vue-DSC_7253-960.jpg\" alt=\"expo-vue-DSC_7253-960\" width=\"960\" height=\"640\" \/><\/p>\n<figure id=\"attachment_3768\" aria-describedby=\"caption-attachment-3768\" style=\"width: 960px\" class=\"wp-caption alignnone\"><img loading=\"lazy\" decoding=\"async\" class=\"wp-image-3768 size-full\" src=\"http:\/\/www.arnaud-rodriguez.net\/photo\/wp-content\/uploads\/2016\/05\/expo-vue-everyday-DSC_7276.jpg\" alt=\"expo-vue-everyday-DSC_7276\" width=\"960\" height=\"640\" \/><figcaption id=\"caption-attachment-3768\" class=\"wp-caption-text\">Sc\u00e9nographie : Dairik Amae<\/figcaption><\/figure>\n<p><strong>\/\/\/ ENTRETIEN \/\/\/ <\/strong><\/p>\n<p><strong>La premi\u00e8re impression, c\u2019est que votre travail impose un va-et-vient entre une vision d\u2019ensemble, avec des compositions, et un arr\u00eat sur chaque image. Quelle volont\u00e9 et quel projet manifeste cette proposition visuelle de la photographie\u00a0?<br \/>\n<\/strong>L\u2019objectif c\u2019est d\u2019interroger le quotidien\u00a0: montrer des images du Japon o\u00f9 je vis, o\u00f9 je r\u00e9alise chaque jour des photos dans le but principal d\u2019illustrer mon journal, des photos qui peuvent donc \u00eatre mineures, simples, et qui forment un ensemble sans directions. Or, au milieu de cette accumulation d\u2019images, il y a parfois des images fortes,\u00a0qui s\u2019imposent, qui peuvent \u00eatre regard\u00e9es seules, hors de ce tout. L\u2019objectif c\u2019est de composer avec ces deux niveaux d\u2019images.<\/p>\n<p><strong>Le lieu d\u2019exposition a-t-il impos\u00e9 une direction\u00a0\u00e0 ce projet ?<br \/>\n<\/strong>Effectivement, le fait d\u2019exposer dans une maison traditionnelle, o\u00f9 il y a peu de surfaces pour l\u2019accrochage, n\u00e9cessitait une s\u00e9lection tr\u00e8s resserr\u00e9e\u00a0: je ne souhaitais pas transformer la maison mais conserver son \u00ab\u00a0usage\u00a0\u00bb, puisque des personnes y vivent et que la pi\u00e8ce principale est utilis\u00e9e pour des c\u00e9r\u00e9monies de th\u00e9 \u2013 avec le <em>tokonoma<\/em> comme espace central. Or cette s\u00e9lection ne correspondait pas \u00e0 l\u2019id\u00e9e d\u2019accumulation de photos prises chaque jour. J\u2019ai donc d\u00e9cid\u00e9 de proposer une publication, pour laisser le spectateur avoir une id\u00e9e plus pr\u00e9cise de ce que je vis et ce que je vois.<\/p>\n<p><strong>Pourquoi ne pas avoir conserv\u00e9 une chronologie dans cette publication, pour rester dans la relation aux images prises jour apr\u00e8s jour\u00a0?<br \/>\n<\/strong>Cette chronologie est d\u00e9j\u00e0 pr\u00e9sente sur mon journal en ligne. Mon souhait pour cette publication est de recomposer mes souvenirs, un peu comme lorsque qu\u2019on cherche \u00e0 se rappeler ce qu\u2019on a fait dans les mois qui pr\u00e9c\u00e8dent, et que les images viennent en d\u00e9sordre. Le regroupement d\u2019images, et les diff\u00e9rents formats utilis\u00e9s, insistent ici sur un sentiment d\u2019harmonie globale.<\/p>\n","protected":false},"excerpt":{"rendered":"<p>Exposition : Every day Du 23 avril au 8 mai 2016. Totousha &#8211; Kyoto (Voir l&#8217;emplacement) Pour Every day, Arnaud Rodriguez revenait sur les photographies prises depuis juillet 2014, date de son installation \u00e0 Kyoto. L&rsquo;exposition interrogeait le fait de prendre des photographies chaque jour, sans direction pr\u00e9-\u00e9tablie, et de les montrer dans ce lieu [&hellip;]<\/p>\n","protected":false},"author":2,"featured_media":0,"parent":892,"menu_order":0,"comment_status":"closed","ping_status":"closed","template":"","meta":{"_monsterinsights_skip_tracking":false,"_monsterinsights_sitenote_active":false,"_monsterinsights_sitenote_note":"","_monsterinsights_sitenote_category":0,"footnotes":""},"class_list":["post-3724","page","type-page","status-publish","hentry"],"aioseo_notices":[],"_links":{"self":[{"href":"https:\/\/arnaud-rodriguez.net\/photo\/wp-json\/wp\/v2\/pages\/3724","targetHints":{"allow":["GET"]}}],"collection":[{"href":"https:\/\/arnaud-rodriguez.net\/photo\/wp-json\/wp\/v2\/pages"}],"about":[{"href":"https:\/\/arnaud-rodriguez.net\/photo\/wp-json\/wp\/v2\/types\/page"}],"author":[{"embeddable":true,"href":"https:\/\/arnaud-rodriguez.net\/photo\/wp-json\/wp\/v2\/users\/2"}],"replies":[{"embeddable":true,"href":"https:\/\/arnaud-rodriguez.net\/photo\/wp-json\/wp\/v2\/comments?post=3724"}],"version-history":[{"count":0,"href":"https:\/\/arnaud-rodriguez.net\/photo\/wp-json\/wp\/v2\/pages\/3724\/revisions"}],"up":[{"embeddable":true,"href":"https:\/\/arnaud-rodriguez.net\/photo\/wp-json\/wp\/v2\/pages\/892"}],"wp:attachment":[{"href":"https:\/\/arnaud-rodriguez.net\/photo\/wp-json\/wp\/v2\/media?parent=3724"}],"curies":[{"name":"wp","href":"https:\/\/api.w.org\/{rel}","templated":true}]}}