{"id":3726,"date":"2016-05-09T06:14:29","date_gmt":"2016-05-09T05:14:29","guid":{"rendered":"http:\/\/www.arnaudrodriguez.net\/?page_id=3726"},"modified":"2022-11-16T23:37:27","modified_gmt":"2022-11-16T22:37:27","slug":"every-day","status":"publish","type":"page","link":"https:\/\/arnaud-rodriguez.net\/photo\/series\/every-day\/","title":{"rendered":"Every day"},"content":{"rendered":"\n<div class=\"wp-block-media-text alignwide is-stacked-on-mobile\" style=\"grid-template-columns:15% auto\"><figure class=\"wp-block-media-text__media\"><img decoding=\"async\" src=\"http:\/\/www.arnaud-rodriguez.net\/photo\/wp-content\/uploads\/2015\/06\/B4-everyday-graphic-OK-161x228.jpg\" alt=\"B4-everyday-graphic-OK\" class=\"wp-image-3732 size-full\"\/><\/figure><div class=\"wp-block-media-text__content\">\n<p>Photographies prises entre juillet 2014 (date de mon installation au Japon) et d\u00e9cembre 2015.<\/p>\n\n\n\n<p>Cette publication a \u00e9t\u00e9 r\u00e9alis\u00e9e pour l&rsquo;exposition \u00ab\u00a0<a href=\"http:\/\/www.arnaud-rodriguez.net\/photofr\/expositions\/every-day\/\" target=\"_blank\" rel=\"noopener\">Every day\u00a0\u00bb<\/a> ; elle \u00e9tait une partie int\u00e9grante de l&rsquo;exposition, le visiteur \u00e9tant invit\u00e9 \u00e0 prendre le temps de la consulter dans une des pi\u00e8ces de la maison accueillant l&rsquo;exposition.<\/p>\n\n\n\n<p>16 pages &#8211; format B4.<\/p>\n\n\n\n<p><a rel=\"noopener\" href=\"http:\/\/www.arnaud-rodriguez.net\/photo\/wp-content\/uploads\/2016\/05\/B4-everyday-min.pdf\" target=\"_blank\">T\u00e9l\u00e9charger le PDF.<\/a><\/p>\n<\/div><\/div>\n\n\n\n<figure class=\"wp-block-gallery has-nested-images columns-2 is-cropped wp-block-gallery-1 is-layout-flex wp-block-gallery-is-layout-flex\">\n<figure class=\"wp-block-image size-large has-custom-border\"><img loading=\"lazy\" decoding=\"async\" width=\"709\" height=\"1001\" data-id=\"6888\" src=\"https:\/\/arnaud-rodriguez.net\/photo\/wp-content\/uploads\/2022\/11\/B4-everyday-graphic-OK16.jpg\" alt=\"\" class=\"wp-image-6888\" style=\"border-width:1px\" srcset=\"https:\/\/arnaud-rodriguez.net\/photo\/wp-content\/uploads\/2022\/11\/B4-everyday-graphic-OK16.jpg 709w, https:\/\/arnaud-rodriguez.net\/photo\/wp-content\/uploads\/2022\/11\/B4-everyday-graphic-OK16-212x300.jpg 212w\" sizes=\"auto, (max-width: 709px) 100vw, 709px\" \/><\/figure>\n\n\n\n<figure class=\"wp-block-image size-large has-custom-border\"><img loading=\"lazy\" decoding=\"async\" width=\"709\" height=\"1001\" data-id=\"6887\" src=\"https:\/\/arnaud-rodriguez.net\/photo\/wp-content\/uploads\/2022\/11\/B4-everyday-graphic-OK15.jpg\" alt=\"\" class=\"wp-image-6887\" style=\"border-width:1px\" srcset=\"https:\/\/arnaud-rodriguez.net\/photo\/wp-content\/uploads\/2022\/11\/B4-everyday-graphic-OK15.jpg 709w, https:\/\/arnaud-rodriguez.net\/photo\/wp-content\/uploads\/2022\/11\/B4-everyday-graphic-OK15-212x300.jpg 212w\" sizes=\"auto, (max-width: 709px) 100vw, 709px\" \/><\/figure>\n\n\n\n<figure class=\"wp-block-image size-large has-custom-border\"><img loading=\"lazy\" decoding=\"async\" width=\"709\" height=\"1001\" data-id=\"6889\" src=\"https:\/\/arnaud-rodriguez.net\/photo\/wp-content\/uploads\/2022\/11\/B4-everyday-graphic-OK14.jpg\" alt=\"\" class=\"wp-image-6889\" style=\"border-width:1px\" srcset=\"https:\/\/arnaud-rodriguez.net\/photo\/wp-content\/uploads\/2022\/11\/B4-everyday-graphic-OK14.jpg 709w, https:\/\/arnaud-rodriguez.net\/photo\/wp-content\/uploads\/2022\/11\/B4-everyday-graphic-OK14-212x300.jpg 212w\" sizes=\"auto, (max-width: 709px) 100vw, 709px\" \/><\/figure>\n\n\n\n<figure class=\"wp-block-image size-large has-custom-border\"><img loading=\"lazy\" decoding=\"async\" width=\"709\" height=\"1001\" data-id=\"6886\" src=\"https:\/\/arnaud-rodriguez.net\/photo\/wp-content\/uploads\/2022\/11\/B4-everyday-graphic-OK13.jpg\" alt=\"\" class=\"wp-image-6886\" style=\"border-width:1px\" srcset=\"https:\/\/arnaud-rodriguez.net\/photo\/wp-content\/uploads\/2022\/11\/B4-everyday-graphic-OK13.jpg 709w, https:\/\/arnaud-rodriguez.net\/photo\/wp-content\/uploads\/2022\/11\/B4-everyday-graphic-OK13-212x300.jpg 212w\" sizes=\"auto, (max-width: 709px) 100vw, 709px\" \/><\/figure>\n<\/figure>\n\n\n","protected":false},"excerpt":{"rendered":"<p>Photographies prises entre juillet 2014 (date de mon installation au Japon) et d\u00e9cembre 2015. Cette publication a \u00e9t\u00e9 r\u00e9alis\u00e9e pour l&rsquo;exposition \u00ab\u00a0Every day\u00a0\u00bb ; elle \u00e9tait une partie int\u00e9grante de l&rsquo;exposition, le visiteur \u00e9tant invit\u00e9 \u00e0 prendre le temps de la consulter dans une des pi\u00e8ces de la maison accueillant l&rsquo;exposition. 16 pages &#8211; format [&hellip;]<\/p>\n","protected":false},"author":2,"featured_media":0,"parent":1245,"menu_order":0,"comment_status":"closed","ping_status":"closed","template":"","meta":{"_monsterinsights_skip_tracking":false,"_monsterinsights_sitenote_active":false,"_monsterinsights_sitenote_note":"","_monsterinsights_sitenote_category":0,"footnotes":""},"class_list":["post-3726","page","type-page","status-publish","hentry"],"aioseo_notices":[],"_links":{"self":[{"href":"https:\/\/arnaud-rodriguez.net\/photo\/wp-json\/wp\/v2\/pages\/3726","targetHints":{"allow":["GET"]}}],"collection":[{"href":"https:\/\/arnaud-rodriguez.net\/photo\/wp-json\/wp\/v2\/pages"}],"about":[{"href":"https:\/\/arnaud-rodriguez.net\/photo\/wp-json\/wp\/v2\/types\/page"}],"author":[{"embeddable":true,"href":"https:\/\/arnaud-rodriguez.net\/photo\/wp-json\/wp\/v2\/users\/2"}],"replies":[{"embeddable":true,"href":"https:\/\/arnaud-rodriguez.net\/photo\/wp-json\/wp\/v2\/comments?post=3726"}],"version-history":[{"count":2,"href":"https:\/\/arnaud-rodriguez.net\/photo\/wp-json\/wp\/v2\/pages\/3726\/revisions"}],"predecessor-version":[{"id":6890,"href":"https:\/\/arnaud-rodriguez.net\/photo\/wp-json\/wp\/v2\/pages\/3726\/revisions\/6890"}],"up":[{"embeddable":true,"href":"https:\/\/arnaud-rodriguez.net\/photo\/wp-json\/wp\/v2\/pages\/1245"}],"wp:attachment":[{"href":"https:\/\/arnaud-rodriguez.net\/photo\/wp-json\/wp\/v2\/media?parent=3726"}],"curies":[{"name":"wp","href":"https:\/\/api.w.org\/{rel}","templated":true}]}}