{"id":4423,"date":"2017-04-07T02:37:06","date_gmt":"2017-04-07T00:37:06","guid":{"rendered":"http:\/\/arnaud-rodriguez.net\/photo\/?page_id=4423"},"modified":"2022-11-14T20:16:35","modified_gmt":"2022-11-14T19:16:35","slug":"home-2","status":"publish","type":"page","link":"https:\/\/arnaud-rodriguez.net\/photo\/series\/home-2\/","title":{"rendered":"#home"},"content":{"rendered":"<p><strong>Tentative d&rsquo;\u00e9puisement d&rsquo;un lieu.<br \/>\nOctobre 2016 &#8211; Avril 2017<br \/>\n<\/strong><\/p>\n<p>Ma maison. Mais c&rsquo;est plus qu&rsquo;un lieu o\u00f9 j&rsquo;habite : c&rsquo;est un lieu que j&rsquo;aime et que je regarde. Et puis, bient\u00f4t il faudra partir.<br \/>\n<em>Ce travail photographique utilisait Instagram comme moyen de diffusion.<\/em><\/p>\n<p><a href=\"https:\/\/www.instagram.com\/nishinoyamahouse\/\">https:\/\/www.instagram.com\/nishinoyamahouse<\/a><\/p>\n<p><a href=\"https:\/\/arnaud-rodriguez.net\/photo\/wp-content\/uploads\/2017\/04\/IMG_20170222_081035_669.jpg\"><img loading=\"lazy\" decoding=\"async\" class=\"alignnone size-thumbnail wp-image-4444\" src=\"https:\/\/arnaud-rodriguez.net\/photo\/wp-content\/uploads\/2017\/04\/IMG_20170222_081035_669-150x150.jpg\" alt=\"IMG_20170222_081035_669\" width=\"150\" height=\"150\" srcset=\"https:\/\/arnaud-rodriguez.net\/photo\/wp-content\/uploads\/2017\/04\/IMG_20170222_081035_669-150x150.jpg 150w, https:\/\/arnaud-rodriguez.net\/photo\/wp-content\/uploads\/2017\/04\/IMG_20170222_081035_669-300x300.jpg 300w, https:\/\/arnaud-rodriguez.net\/photo\/wp-content\/uploads\/2017\/04\/IMG_20170222_081035_669-768x768.jpg 768w, https:\/\/arnaud-rodriguez.net\/photo\/wp-content\/uploads\/2017\/04\/IMG_20170222_081035_669-1024x1024.jpg 1024w, https:\/\/arnaud-rodriguez.net\/photo\/wp-content\/uploads\/2017\/04\/IMG_20170222_081035_669-624x624.jpg 624w, https:\/\/arnaud-rodriguez.net\/photo\/wp-content\/uploads\/2017\/04\/IMG_20170222_081035_669.jpg 1225w\" sizes=\"auto, (max-width: 150px) 100vw, 150px\" \/><\/a> <a href=\"https:\/\/arnaud-rodriguez.net\/photo\/wp-content\/uploads\/2017\/04\/IMG_20170101_101204_177.jpg\"><img loading=\"lazy\" decoding=\"async\" class=\"alignnone size-thumbnail wp-image-4445\" src=\"https:\/\/arnaud-rodriguez.net\/photo\/wp-content\/uploads\/2017\/04\/IMG_20170101_101204_177-150x150.jpg\" alt=\"IMG_20170101_101204_177\" width=\"150\" height=\"150\" srcset=\"https:\/\/arnaud-rodriguez.net\/photo\/wp-content\/uploads\/2017\/04\/IMG_20170101_101204_177-150x150.jpg 150w, https:\/\/arnaud-rodriguez.net\/photo\/wp-content\/uploads\/2017\/04\/IMG_20170101_101204_177-300x300.jpg 300w, https:\/\/arnaud-rodriguez.net\/photo\/wp-content\/uploads\/2017\/04\/IMG_20170101_101204_177-768x768.jpg 768w, https:\/\/arnaud-rodriguez.net\/photo\/wp-content\/uploads\/2017\/04\/IMG_20170101_101204_177-1024x1024.jpg 1024w, https:\/\/arnaud-rodriguez.net\/photo\/wp-content\/uploads\/2017\/04\/IMG_20170101_101204_177-624x624.jpg 624w, https:\/\/arnaud-rodriguez.net\/photo\/wp-content\/uploads\/2017\/04\/IMG_20170101_101204_177.jpg 1944w\" sizes=\"auto, (max-width: 150px) 100vw, 150px\" \/><\/a> <a href=\"https:\/\/arnaud-rodriguez.net\/photo\/wp-content\/uploads\/2017\/04\/IMG_20161216_080016.jpg\"><img loading=\"lazy\" decoding=\"async\" class=\"alignnone size-thumbnail wp-image-4441\" src=\"https:\/\/arnaud-rodriguez.net\/photo\/wp-content\/uploads\/2017\/04\/IMG_20161216_080016-150x150.jpg\" alt=\"IMG_20161216_080016\" width=\"150\" height=\"150\" srcset=\"https:\/\/arnaud-rodriguez.net\/photo\/wp-content\/uploads\/2017\/04\/IMG_20161216_080016-150x150.jpg 150w, https:\/\/arnaud-rodriguez.net\/photo\/wp-content\/uploads\/2017\/04\/IMG_20161216_080016-300x300.jpg 300w, https:\/\/arnaud-rodriguez.net\/photo\/wp-content\/uploads\/2017\/04\/IMG_20161216_080016-768x768.jpg 768w, https:\/\/arnaud-rodriguez.net\/photo\/wp-content\/uploads\/2017\/04\/IMG_20161216_080016-1024x1024.jpg 1024w, https:\/\/arnaud-rodriguez.net\/photo\/wp-content\/uploads\/2017\/04\/IMG_20161216_080016-624x624.jpg 624w, https:\/\/arnaud-rodriguez.net\/photo\/wp-content\/uploads\/2017\/04\/IMG_20161216_080016.jpg 1944w\" sizes=\"auto, (max-width: 150px) 100vw, 150px\" \/><\/a> <a href=\"https:\/\/arnaud-rodriguez.net\/photo\/wp-content\/uploads\/2017\/04\/IMG_20170322_104420_223.jpg\"><img loading=\"lazy\" decoding=\"async\" class=\"alignnone size-thumbnail wp-image-4440\" src=\"https:\/\/arnaud-rodriguez.net\/photo\/wp-content\/uploads\/2017\/04\/IMG_20170322_104420_223-150x150.jpg\" alt=\"IMG_20170322_104420_223\" width=\"150\" height=\"150\" srcset=\"https:\/\/arnaud-rodriguez.net\/photo\/wp-content\/uploads\/2017\/04\/IMG_20170322_104420_223-150x150.jpg 150w, https:\/\/arnaud-rodriguez.net\/photo\/wp-content\/uploads\/2017\/04\/IMG_20170322_104420_223-300x300.jpg 300w, https:\/\/arnaud-rodriguez.net\/photo\/wp-content\/uploads\/2017\/04\/IMG_20170322_104420_223-768x768.jpg 768w, https:\/\/arnaud-rodriguez.net\/photo\/wp-content\/uploads\/2017\/04\/IMG_20170322_104420_223-1024x1024.jpg 1024w, https:\/\/arnaud-rodriguez.net\/photo\/wp-content\/uploads\/2017\/04\/IMG_20170322_104420_223-624x624.jpg 624w, https:\/\/arnaud-rodriguez.net\/photo\/wp-content\/uploads\/2017\/04\/IMG_20170322_104420_223.jpg 1944w\" sizes=\"auto, (max-width: 150px) 100vw, 150px\" \/><\/a> <a href=\"https:\/\/arnaud-rodriguez.net\/photo\/wp-content\/uploads\/2017\/04\/IMG_20170318_141825_100.jpg\"><img loading=\"lazy\" decoding=\"async\" class=\"alignnone size-thumbnail wp-image-4439\" src=\"https:\/\/arnaud-rodriguez.net\/photo\/wp-content\/uploads\/2017\/04\/IMG_20170318_141825_100-150x150.jpg\" alt=\"IMG_20170318_141825_100\" width=\"150\" height=\"150\" srcset=\"https:\/\/arnaud-rodriguez.net\/photo\/wp-content\/uploads\/2017\/04\/IMG_20170318_141825_100-150x150.jpg 150w, https:\/\/arnaud-rodriguez.net\/photo\/wp-content\/uploads\/2017\/04\/IMG_20170318_141825_100-300x300.jpg 300w, https:\/\/arnaud-rodriguez.net\/photo\/wp-content\/uploads\/2017\/04\/IMG_20170318_141825_100-768x768.jpg 768w, https:\/\/arnaud-rodriguez.net\/photo\/wp-content\/uploads\/2017\/04\/IMG_20170318_141825_100-1024x1024.jpg 1024w, https:\/\/arnaud-rodriguez.net\/photo\/wp-content\/uploads\/2017\/04\/IMG_20170318_141825_100-624x624.jpg 624w, https:\/\/arnaud-rodriguez.net\/photo\/wp-content\/uploads\/2017\/04\/IMG_20170318_141825_100.jpg 1944w\" sizes=\"auto, (max-width: 150px) 100vw, 150px\" \/><\/a> <a href=\"https:\/\/arnaud-rodriguez.net\/photo\/wp-content\/uploads\/2017\/04\/IMG_20170317_085244_462.jpg\"><img loading=\"lazy\" decoding=\"async\" class=\"alignnone size-thumbnail wp-image-4438\" src=\"https:\/\/arnaud-rodriguez.net\/photo\/wp-content\/uploads\/2017\/04\/IMG_20170317_085244_462-150x150.jpg\" alt=\"IMG_20170317_085244_462\" width=\"150\" height=\"150\" srcset=\"https:\/\/arnaud-rodriguez.net\/photo\/wp-content\/uploads\/2017\/04\/IMG_20170317_085244_462-150x150.jpg 150w, https:\/\/arnaud-rodriguez.net\/photo\/wp-content\/uploads\/2017\/04\/IMG_20170317_085244_462-300x300.jpg 300w, https:\/\/arnaud-rodriguez.net\/photo\/wp-content\/uploads\/2017\/04\/IMG_20170317_085244_462-768x768.jpg 768w, https:\/\/arnaud-rodriguez.net\/photo\/wp-content\/uploads\/2017\/04\/IMG_20170317_085244_462-1024x1024.jpg 1024w, https:\/\/arnaud-rodriguez.net\/photo\/wp-content\/uploads\/2017\/04\/IMG_20170317_085244_462-624x624.jpg 624w, https:\/\/arnaud-rodriguez.net\/photo\/wp-content\/uploads\/2017\/04\/IMG_20170317_085244_462.jpg 1944w\" sizes=\"auto, (max-width: 150px) 100vw, 150px\" \/><\/a> <a href=\"https:\/\/arnaud-rodriguez.net\/photo\/wp-content\/uploads\/2017\/04\/IMG_20170315_094847_793.jpg\"><img loading=\"lazy\" decoding=\"async\" class=\"alignnone size-thumbnail wp-image-4437\" src=\"https:\/\/arnaud-rodriguez.net\/photo\/wp-content\/uploads\/2017\/04\/IMG_20170315_094847_793-150x150.jpg\" alt=\"IMG_20170315_094847_793\" width=\"150\" height=\"150\" srcset=\"https:\/\/arnaud-rodriguez.net\/photo\/wp-content\/uploads\/2017\/04\/IMG_20170315_094847_793-150x150.jpg 150w, https:\/\/arnaud-rodriguez.net\/photo\/wp-content\/uploads\/2017\/04\/IMG_20170315_094847_793-300x300.jpg 300w, https:\/\/arnaud-rodriguez.net\/photo\/wp-content\/uploads\/2017\/04\/IMG_20170315_094847_793-768x768.jpg 768w, https:\/\/arnaud-rodriguez.net\/photo\/wp-content\/uploads\/2017\/04\/IMG_20170315_094847_793-1024x1024.jpg 1024w, https:\/\/arnaud-rodriguez.net\/photo\/wp-content\/uploads\/2017\/04\/IMG_20170315_094847_793-624x624.jpg 624w, https:\/\/arnaud-rodriguez.net\/photo\/wp-content\/uploads\/2017\/04\/IMG_20170315_094847_793.jpg 1886w\" sizes=\"auto, (max-width: 150px) 100vw, 150px\" \/><\/a> <a href=\"https:\/\/arnaud-rodriguez.net\/photo\/wp-content\/uploads\/2017\/04\/IMG_20170310_074519_649.jpg\"><img loading=\"lazy\" decoding=\"async\" class=\"alignnone size-thumbnail wp-image-4436\" src=\"https:\/\/arnaud-rodriguez.net\/photo\/wp-content\/uploads\/2017\/04\/IMG_20170310_074519_649-150x150.jpg\" alt=\"IMG_20170310_074519_649\" width=\"150\" height=\"150\" srcset=\"https:\/\/arnaud-rodriguez.net\/photo\/wp-content\/uploads\/2017\/04\/IMG_20170310_074519_649-150x150.jpg 150w, https:\/\/arnaud-rodriguez.net\/photo\/wp-content\/uploads\/2017\/04\/IMG_20170310_074519_649-300x300.jpg 300w, https:\/\/arnaud-rodriguez.net\/photo\/wp-content\/uploads\/2017\/04\/IMG_20170310_074519_649-768x768.jpg 768w, https:\/\/arnaud-rodriguez.net\/photo\/wp-content\/uploads\/2017\/04\/IMG_20170310_074519_649-1024x1024.jpg 1024w, https:\/\/arnaud-rodriguez.net\/photo\/wp-content\/uploads\/2017\/04\/IMG_20170310_074519_649-624x624.jpg 624w, https:\/\/arnaud-rodriguez.net\/photo\/wp-content\/uploads\/2017\/04\/IMG_20170310_074519_649.jpg 1944w\" sizes=\"auto, (max-width: 150px) 100vw, 150px\" \/><\/a> <a href=\"https:\/\/arnaud-rodriguez.net\/photo\/wp-content\/uploads\/2017\/04\/IMG_20170107_134631_066.jpg\"><img loading=\"lazy\" decoding=\"async\" class=\"alignnone size-thumbnail wp-image-4435\" src=\"https:\/\/arnaud-rodriguez.net\/photo\/wp-content\/uploads\/2017\/04\/IMG_20170107_134631_066-150x150.jpg\" alt=\"IMG_20170107_134631_066\" width=\"150\" height=\"150\" srcset=\"https:\/\/arnaud-rodriguez.net\/photo\/wp-content\/uploads\/2017\/04\/IMG_20170107_134631_066-150x150.jpg 150w, https:\/\/arnaud-rodriguez.net\/photo\/wp-content\/uploads\/2017\/04\/IMG_20170107_134631_066-300x300.jpg 300w, https:\/\/arnaud-rodriguez.net\/photo\/wp-content\/uploads\/2017\/04\/IMG_20170107_134631_066-768x768.jpg 768w, https:\/\/arnaud-rodriguez.net\/photo\/wp-content\/uploads\/2017\/04\/IMG_20170107_134631_066-1024x1024.jpg 1024w, https:\/\/arnaud-rodriguez.net\/photo\/wp-content\/uploads\/2017\/04\/IMG_20170107_134631_066-624x624.jpg 624w, https:\/\/arnaud-rodriguez.net\/photo\/wp-content\/uploads\/2017\/04\/IMG_20170107_134631_066.jpg 1944w\" sizes=\"auto, (max-width: 150px) 100vw, 150px\" \/><\/a> <a href=\"https:\/\/arnaud-rodriguez.net\/photo\/wp-content\/uploads\/2017\/04\/IMG_20161231_100908_074.jpg\"><img loading=\"lazy\" decoding=\"async\" class=\"alignnone size-thumbnail wp-image-4434\" src=\"https:\/\/arnaud-rodriguez.net\/photo\/wp-content\/uploads\/2017\/04\/IMG_20161231_100908_074-150x150.jpg\" alt=\"IMG_20161231_100908_074\" width=\"150\" height=\"150\" srcset=\"https:\/\/arnaud-rodriguez.net\/photo\/wp-content\/uploads\/2017\/04\/IMG_20161231_100908_074-150x150.jpg 150w, https:\/\/arnaud-rodriguez.net\/photo\/wp-content\/uploads\/2017\/04\/IMG_20161231_100908_074-300x300.jpg 300w, https:\/\/arnaud-rodriguez.net\/photo\/wp-content\/uploads\/2017\/04\/IMG_20161231_100908_074-768x768.jpg 768w, https:\/\/arnaud-rodriguez.net\/photo\/wp-content\/uploads\/2017\/04\/IMG_20161231_100908_074-1024x1024.jpg 1024w, https:\/\/arnaud-rodriguez.net\/photo\/wp-content\/uploads\/2017\/04\/IMG_20161231_100908_074-624x624.jpg 624w, https:\/\/arnaud-rodriguez.net\/photo\/wp-content\/uploads\/2017\/04\/IMG_20161231_100908_074.jpg 1592w\" sizes=\"auto, (max-width: 150px) 100vw, 150px\" \/><\/a> <a href=\"https:\/\/arnaud-rodriguez.net\/photo\/wp-content\/uploads\/2017\/04\/IMG_20161102_070520.jpg\"><img loading=\"lazy\" decoding=\"async\" class=\"alignnone size-thumbnail wp-image-4433\" src=\"https:\/\/arnaud-rodriguez.net\/photo\/wp-content\/uploads\/2017\/04\/IMG_20161102_070520-150x150.jpg\" alt=\"IMG_20161102_070520\" width=\"150\" height=\"150\" srcset=\"https:\/\/arnaud-rodriguez.net\/photo\/wp-content\/uploads\/2017\/04\/IMG_20161102_070520-150x150.jpg 150w, https:\/\/arnaud-rodriguez.net\/photo\/wp-content\/uploads\/2017\/04\/IMG_20161102_070520-300x300.jpg 300w, https:\/\/arnaud-rodriguez.net\/photo\/wp-content\/uploads\/2017\/04\/IMG_20161102_070520-768x768.jpg 768w, https:\/\/arnaud-rodriguez.net\/photo\/wp-content\/uploads\/2017\/04\/IMG_20161102_070520-1024x1024.jpg 1024w, https:\/\/arnaud-rodriguez.net\/photo\/wp-content\/uploads\/2017\/04\/IMG_20161102_070520-624x624.jpg 624w, https:\/\/arnaud-rodriguez.net\/photo\/wp-content\/uploads\/2017\/04\/IMG_20161102_070520.jpg 1944w\" sizes=\"auto, (max-width: 150px) 100vw, 150px\" \/><\/a> <a href=\"https:\/\/arnaud-rodriguez.net\/photo\/wp-content\/uploads\/2017\/04\/IMG_20170126_083424_998.jpg\"><img loading=\"lazy\" decoding=\"async\" class=\"alignnone size-thumbnail wp-image-4432\" src=\"https:\/\/arnaud-rodriguez.net\/photo\/wp-content\/uploads\/2017\/04\/IMG_20170126_083424_998-150x150.jpg\" alt=\"IMG_20170126_083424_998\" width=\"150\" height=\"150\" srcset=\"https:\/\/arnaud-rodriguez.net\/photo\/wp-content\/uploads\/2017\/04\/IMG_20170126_083424_998-150x150.jpg 150w, https:\/\/arnaud-rodriguez.net\/photo\/wp-content\/uploads\/2017\/04\/IMG_20170126_083424_998-300x300.jpg 300w, https:\/\/arnaud-rodriguez.net\/photo\/wp-content\/uploads\/2017\/04\/IMG_20170126_083424_998-768x768.jpg 768w, https:\/\/arnaud-rodriguez.net\/photo\/wp-content\/uploads\/2017\/04\/IMG_20170126_083424_998-1024x1024.jpg 1024w, https:\/\/arnaud-rodriguez.net\/photo\/wp-content\/uploads\/2017\/04\/IMG_20170126_083424_998-624x624.jpg 624w, https:\/\/arnaud-rodriguez.net\/photo\/wp-content\/uploads\/2017\/04\/IMG_20170126_083424_998.jpg 1920w\" sizes=\"auto, (max-width: 150px) 100vw, 150px\" \/><\/a> <a href=\"https:\/\/arnaud-rodriguez.net\/photo\/wp-content\/uploads\/2017\/04\/IMG_20170117_101655_125.jpg\"><img loading=\"lazy\" decoding=\"async\" class=\"alignnone size-thumbnail wp-image-4431\" src=\"https:\/\/arnaud-rodriguez.net\/photo\/wp-content\/uploads\/2017\/04\/IMG_20170117_101655_125-150x150.jpg\" alt=\"IMG_20170117_101655_125\" width=\"150\" height=\"150\" srcset=\"https:\/\/arnaud-rodriguez.net\/photo\/wp-content\/uploads\/2017\/04\/IMG_20170117_101655_125-150x150.jpg 150w, https:\/\/arnaud-rodriguez.net\/photo\/wp-content\/uploads\/2017\/04\/IMG_20170117_101655_125-300x300.jpg 300w, https:\/\/arnaud-rodriguez.net\/photo\/wp-content\/uploads\/2017\/04\/IMG_20170117_101655_125-768x768.jpg 768w, https:\/\/arnaud-rodriguez.net\/photo\/wp-content\/uploads\/2017\/04\/IMG_20170117_101655_125-1024x1024.jpg 1024w, https:\/\/arnaud-rodriguez.net\/photo\/wp-content\/uploads\/2017\/04\/IMG_20170117_101655_125-624x624.jpg 624w, https:\/\/arnaud-rodriguez.net\/photo\/wp-content\/uploads\/2017\/04\/IMG_20170117_101655_125.jpg 1991w\" sizes=\"auto, (max-width: 150px) 100vw, 150px\" \/><\/a> <a href=\"https:\/\/arnaud-rodriguez.net\/photo\/wp-content\/uploads\/2017\/04\/IMG_20170222_074258_364.jpg\"><img loading=\"lazy\" decoding=\"async\" class=\"alignnone size-thumbnail wp-image-4430\" src=\"https:\/\/arnaud-rodriguez.net\/photo\/wp-content\/uploads\/2017\/04\/IMG_20170222_074258_364-150x150.jpg\" alt=\"IMG_20170222_074258_364\" width=\"150\" height=\"150\" srcset=\"https:\/\/arnaud-rodriguez.net\/photo\/wp-content\/uploads\/2017\/04\/IMG_20170222_074258_364-150x150.jpg 150w, https:\/\/arnaud-rodriguez.net\/photo\/wp-content\/uploads\/2017\/04\/IMG_20170222_074258_364-300x300.jpg 300w, https:\/\/arnaud-rodriguez.net\/photo\/wp-content\/uploads\/2017\/04\/IMG_20170222_074258_364-768x768.jpg 768w, https:\/\/arnaud-rodriguez.net\/photo\/wp-content\/uploads\/2017\/04\/IMG_20170222_074258_364-1024x1024.jpg 1024w, https:\/\/arnaud-rodriguez.net\/photo\/wp-content\/uploads\/2017\/04\/IMG_20170222_074258_364-624x624.jpg 624w, https:\/\/arnaud-rodriguez.net\/photo\/wp-content\/uploads\/2017\/04\/IMG_20170222_074258_364.jpg 1784w\" sizes=\"auto, (max-width: 150px) 100vw, 150px\" \/><\/a> <a href=\"https:\/\/arnaud-rodriguez.net\/photo\/wp-content\/uploads\/2017\/04\/IMG_20170211_154421_777.jpg\"><img loading=\"lazy\" decoding=\"async\" class=\"alignnone size-thumbnail wp-image-4429\" src=\"https:\/\/arnaud-rodriguez.net\/photo\/wp-content\/uploads\/2017\/04\/IMG_20170211_154421_777-150x150.jpg\" alt=\"IMG_20170211_154421_777\" width=\"150\" height=\"150\" srcset=\"https:\/\/arnaud-rodriguez.net\/photo\/wp-content\/uploads\/2017\/04\/IMG_20170211_154421_777-150x150.jpg 150w, https:\/\/arnaud-rodriguez.net\/photo\/wp-content\/uploads\/2017\/04\/IMG_20170211_154421_777-300x300.jpg 300w, https:\/\/arnaud-rodriguez.net\/photo\/wp-content\/uploads\/2017\/04\/IMG_20170211_154421_777-768x768.jpg 768w, https:\/\/arnaud-rodriguez.net\/photo\/wp-content\/uploads\/2017\/04\/IMG_20170211_154421_777-1024x1024.jpg 1024w, https:\/\/arnaud-rodriguez.net\/photo\/wp-content\/uploads\/2017\/04\/IMG_20170211_154421_777-624x624.jpg 624w, https:\/\/arnaud-rodriguez.net\/photo\/wp-content\/uploads\/2017\/04\/IMG_20170211_154421_777.jpg 1843w\" sizes=\"auto, (max-width: 150px) 100vw, 150px\" \/><\/a> <a href=\"https:\/\/arnaud-rodriguez.net\/photo\/wp-content\/uploads\/2017\/04\/IMG_20170319_134514_694.jpg\"><img loading=\"lazy\" decoding=\"async\" class=\"alignnone size-thumbnail wp-image-4428\" src=\"https:\/\/arnaud-rodriguez.net\/photo\/wp-content\/uploads\/2017\/04\/IMG_20170319_134514_694-150x150.jpg\" alt=\"IMG_20170319_134514_694\" width=\"150\" height=\"150\" srcset=\"https:\/\/arnaud-rodriguez.net\/photo\/wp-content\/uploads\/2017\/04\/IMG_20170319_134514_694-150x150.jpg 150w, https:\/\/arnaud-rodriguez.net\/photo\/wp-content\/uploads\/2017\/04\/IMG_20170319_134514_694-300x300.jpg 300w, https:\/\/arnaud-rodriguez.net\/photo\/wp-content\/uploads\/2017\/04\/IMG_20170319_134514_694-768x768.jpg 768w, https:\/\/arnaud-rodriguez.net\/photo\/wp-content\/uploads\/2017\/04\/IMG_20170319_134514_694-1024x1024.jpg 1024w, https:\/\/arnaud-rodriguez.net\/photo\/wp-content\/uploads\/2017\/04\/IMG_20170319_134514_694-624x624.jpg 624w, https:\/\/arnaud-rodriguez.net\/photo\/wp-content\/uploads\/2017\/04\/IMG_20170319_134514_694.jpg 1842w\" sizes=\"auto, (max-width: 150px) 100vw, 150px\" \/><\/a> <a href=\"https:\/\/arnaud-rodriguez.net\/photo\/wp-content\/uploads\/2017\/04\/IMG_20170307_094356_753.jpg\"><img loading=\"lazy\" decoding=\"async\" class=\"alignnone size-thumbnail wp-image-4427\" src=\"https:\/\/arnaud-rodriguez.net\/photo\/wp-content\/uploads\/2017\/04\/IMG_20170307_094356_753-150x150.jpg\" alt=\"IMG_20170307_094356_753\" width=\"150\" height=\"150\" srcset=\"https:\/\/arnaud-rodriguez.net\/photo\/wp-content\/uploads\/2017\/04\/IMG_20170307_094356_753-150x150.jpg 150w, https:\/\/arnaud-rodriguez.net\/photo\/wp-content\/uploads\/2017\/04\/IMG_20170307_094356_753-300x300.jpg 300w, https:\/\/arnaud-rodriguez.net\/photo\/wp-content\/uploads\/2017\/04\/IMG_20170307_094356_753-768x768.jpg 768w, https:\/\/arnaud-rodriguez.net\/photo\/wp-content\/uploads\/2017\/04\/IMG_20170307_094356_753-1024x1024.jpg 1024w, https:\/\/arnaud-rodriguez.net\/photo\/wp-content\/uploads\/2017\/04\/IMG_20170307_094356_753-624x624.jpg 624w, https:\/\/arnaud-rodriguez.net\/photo\/wp-content\/uploads\/2017\/04\/IMG_20170307_094356_753.jpg 1944w\" sizes=\"auto, (max-width: 150px) 100vw, 150px\" \/><\/a> <a href=\"https:\/\/arnaud-rodriguez.net\/photo\/wp-content\/uploads\/2017\/04\/IMG_20170211_155132_177.jpg\"><img loading=\"lazy\" decoding=\"async\" class=\"alignnone size-thumbnail wp-image-4426\" src=\"https:\/\/arnaud-rodriguez.net\/photo\/wp-content\/uploads\/2017\/04\/IMG_20170211_155132_177-150x150.jpg\" alt=\"IMG_20170211_155132_177\" width=\"150\" height=\"150\" srcset=\"https:\/\/arnaud-rodriguez.net\/photo\/wp-content\/uploads\/2017\/04\/IMG_20170211_155132_177-150x150.jpg 150w, https:\/\/arnaud-rodriguez.net\/photo\/wp-content\/uploads\/2017\/04\/IMG_20170211_155132_177-300x300.jpg 300w, https:\/\/arnaud-rodriguez.net\/photo\/wp-content\/uploads\/2017\/04\/IMG_20170211_155132_177-768x768.jpg 768w, https:\/\/arnaud-rodriguez.net\/photo\/wp-content\/uploads\/2017\/04\/IMG_20170211_155132_177-1024x1024.jpg 1024w, https:\/\/arnaud-rodriguez.net\/photo\/wp-content\/uploads\/2017\/04\/IMG_20170211_155132_177-624x624.jpg 624w, https:\/\/arnaud-rodriguez.net\/photo\/wp-content\/uploads\/2017\/04\/IMG_20170211_155132_177.jpg 1583w\" sizes=\"auto, (max-width: 150px) 100vw, 150px\" \/><\/a><\/p>\n","protected":false},"excerpt":{"rendered":"<p>Tentative d&rsquo;\u00e9puisement d&rsquo;un lieu. Octobre 2016 &#8211; Avril 2017 Ma maison. Mais c&rsquo;est plus qu&rsquo;un lieu o\u00f9 j&rsquo;habite : c&rsquo;est un lieu que j&rsquo;aime et que je regarde. Et puis, bient\u00f4t il faudra partir. Ce travail photographique utilisait Instagram comme moyen de diffusion. https:\/\/www.instagram.com\/nishinoyamahouse<\/p>\n","protected":false},"author":2,"featured_media":0,"parent":1245,"menu_order":0,"comment_status":"closed","ping_status":"closed","template":"","meta":{"_monsterinsights_skip_tracking":false,"_monsterinsights_sitenote_active":false,"_monsterinsights_sitenote_note":"","_monsterinsights_sitenote_category":0,"footnotes":""},"class_list":["post-4423","page","type-page","status-publish","hentry"],"aioseo_notices":[],"_links":{"self":[{"href":"https:\/\/arnaud-rodriguez.net\/photo\/wp-json\/wp\/v2\/pages\/4423","targetHints":{"allow":["GET"]}}],"collection":[{"href":"https:\/\/arnaud-rodriguez.net\/photo\/wp-json\/wp\/v2\/pages"}],"about":[{"href":"https:\/\/arnaud-rodriguez.net\/photo\/wp-json\/wp\/v2\/types\/page"}],"author":[{"embeddable":true,"href":"https:\/\/arnaud-rodriguez.net\/photo\/wp-json\/wp\/v2\/users\/2"}],"replies":[{"embeddable":true,"href":"https:\/\/arnaud-rodriguez.net\/photo\/wp-json\/wp\/v2\/comments?post=4423"}],"version-history":[{"count":6,"href":"https:\/\/arnaud-rodriguez.net\/photo\/wp-json\/wp\/v2\/pages\/4423\/revisions"}],"predecessor-version":[{"id":5031,"href":"https:\/\/arnaud-rodriguez.net\/photo\/wp-json\/wp\/v2\/pages\/4423\/revisions\/5031"}],"up":[{"embeddable":true,"href":"https:\/\/arnaud-rodriguez.net\/photo\/wp-json\/wp\/v2\/pages\/1245"}],"wp:attachment":[{"href":"https:\/\/arnaud-rodriguez.net\/photo\/wp-json\/wp\/v2\/media?parent=4423"}],"curies":[{"name":"wp","href":"https:\/\/api.w.org\/{rel}","templated":true}]}}