{"id":6514,"date":"2022-11-04T22:23:27","date_gmt":"2022-11-04T21:23:27","guid":{"rendered":"http:\/\/arnaud-rodriguez.net\/photo\/?page_id=6514"},"modified":"2023-11-06T12:15:58","modified_gmt":"2023-11-06T11:15:58","slug":"habiter","status":"publish","type":"page","link":"https:\/\/arnaud-rodriguez.net\/photo\/series\/habiter\/","title":{"rendered":"Habiter"},"content":{"rendered":"\n<p>R\u00e9alis\u00e9 dans le cadre des cours publics de l&rsquo;\u00e9cole des Beaux-Arts de Bordeaux ; 2022.<\/p>\n\n\n\n<h3 class=\"wp-block-heading\">\/\/ Je n\u2019habite pas vraiment tout seul, sais-tu ?<\/h3>\n\n\n\n<p>C\u2019est quoi, sans les fleurs ? Est-ce que c\u2019est encore chez moi ? Et puis ce serait quoi, sans ce que j\u2019ai gard\u00e9 de nous ? Sans les livres aussi, oui sans les livres ?<\/p>\n\n\n\n<p>Le projet \u201dJe n\u2019habite pas vraiment tout seul, sais-tu ?\u201d interroge le lieu o\u00f9 je vis par la juxtaposition d\u2019autoportraits et d\u2019\u00e9l\u00e9ments qui habitent eux aussi ici&nbsp;; parfois c\u2019est \u00e9ph\u00e9m\u00e8re, et puis \u00e7a meurt.<\/p>\n\n\n\n<figure class=\"wp-block-image aligncenter\"><a href=\"https:\/\/arnaud-rodriguez.net\/photo\/wp-content\/uploads\/2022\/11\/dipt1-DSC_0937-scaled.jpg\"><img loading=\"lazy\" decoding=\"async\" width=\"960\" height=\"711\" src=\"https:\/\/arnaud-rodriguez.net\/photo\/wp-content\/uploads\/2022\/11\/dipt1-DSC_0937-960x711.jpg\" alt=\"\" class=\"wp-image-6520\" srcset=\"https:\/\/arnaud-rodriguez.net\/photo\/wp-content\/uploads\/2022\/11\/dipt1-DSC_0937-960x711.jpg 960w, https:\/\/arnaud-rodriguez.net\/photo\/wp-content\/uploads\/2022\/11\/dipt1-DSC_0937-300x222.jpg 300w, https:\/\/arnaud-rodriguez.net\/photo\/wp-content\/uploads\/2022\/11\/dipt1-DSC_0937-768x569.jpg 768w, https:\/\/arnaud-rodriguez.net\/photo\/wp-content\/uploads\/2022\/11\/dipt1-DSC_0937-1536x1138.jpg 1536w, https:\/\/arnaud-rodriguez.net\/photo\/wp-content\/uploads\/2022\/11\/dipt1-DSC_0937-2048x1517.jpg 2048w, https:\/\/arnaud-rodriguez.net\/photo\/wp-content\/uploads\/2022\/11\/dipt1-DSC_0937-624x462.jpg 624w\" sizes=\"auto, (max-width: 960px) 100vw, 960px\" \/><\/a><\/figure>\n\n\n\n<figure class=\"wp-block-gallery has-nested-images columns-default is-cropped wp-block-gallery-1 is-layout-flex wp-block-gallery-is-layout-flex\">\n<figure class=\"wp-block-image size-large\"><a href=\"https:\/\/arnaud-rodriguez.net\/photo\/wp-content\/uploads\/2022\/11\/diptq11-DSC_8042-4-scaled.jpg\"><img loading=\"lazy\" decoding=\"async\" width=\"960\" height=\"711\" data-id=\"6525\" src=\"https:\/\/arnaud-rodriguez.net\/photo\/wp-content\/uploads\/2022\/11\/diptq11-DSC_8042-4-960x711.jpg\" alt=\"\" class=\"wp-image-6525\" srcset=\"https:\/\/arnaud-rodriguez.net\/photo\/wp-content\/uploads\/2022\/11\/diptq11-DSC_8042-4-960x711.jpg 960w, https:\/\/arnaud-rodriguez.net\/photo\/wp-content\/uploads\/2022\/11\/diptq11-DSC_8042-4-300x222.jpg 300w, https:\/\/arnaud-rodriguez.net\/photo\/wp-content\/uploads\/2022\/11\/diptq11-DSC_8042-4-768x569.jpg 768w, https:\/\/arnaud-rodriguez.net\/photo\/wp-content\/uploads\/2022\/11\/diptq11-DSC_8042-4-1536x1138.jpg 1536w, https:\/\/arnaud-rodriguez.net\/photo\/wp-content\/uploads\/2022\/11\/diptq11-DSC_8042-4-2048x1517.jpg 2048w, https:\/\/arnaud-rodriguez.net\/photo\/wp-content\/uploads\/2022\/11\/diptq11-DSC_8042-4-624x462.jpg 624w\" sizes=\"auto, (max-width: 960px) 100vw, 960px\" \/><\/a><\/figure>\n\n\n\n<figure class=\"wp-block-image size-large\"><a href=\"https:\/\/arnaud-rodriguez.net\/photo\/wp-content\/uploads\/2022\/11\/dipt12-DSC_6353-2-scaled.jpg\"><img loading=\"lazy\" decoding=\"async\" width=\"960\" height=\"711\" data-id=\"6524\" src=\"https:\/\/arnaud-rodriguez.net\/photo\/wp-content\/uploads\/2022\/11\/dipt12-DSC_6353-2-960x711.jpg\" alt=\"\" class=\"wp-image-6524\" srcset=\"https:\/\/arnaud-rodriguez.net\/photo\/wp-content\/uploads\/2022\/11\/dipt12-DSC_6353-2-960x711.jpg 960w, https:\/\/arnaud-rodriguez.net\/photo\/wp-content\/uploads\/2022\/11\/dipt12-DSC_6353-2-300x222.jpg 300w, https:\/\/arnaud-rodriguez.net\/photo\/wp-content\/uploads\/2022\/11\/dipt12-DSC_6353-2-768x569.jpg 768w, https:\/\/arnaud-rodriguez.net\/photo\/wp-content\/uploads\/2022\/11\/dipt12-DSC_6353-2-1536x1138.jpg 1536w, https:\/\/arnaud-rodriguez.net\/photo\/wp-content\/uploads\/2022\/11\/dipt12-DSC_6353-2-2048x1517.jpg 2048w, https:\/\/arnaud-rodriguez.net\/photo\/wp-content\/uploads\/2022\/11\/dipt12-DSC_6353-2-624x462.jpg 624w\" sizes=\"auto, (max-width: 960px) 100vw, 960px\" \/><\/a><\/figure>\n\n\n\n<figure class=\"wp-block-image size-large\"><a href=\"https:\/\/arnaud-rodriguez.net\/photo\/wp-content\/uploads\/2022\/11\/dipt5-DSC_5790-scaled.jpg\"><img loading=\"lazy\" decoding=\"async\" width=\"960\" height=\"711\" data-id=\"6523\" src=\"https:\/\/arnaud-rodriguez.net\/photo\/wp-content\/uploads\/2022\/11\/dipt5-DSC_5790-960x711.jpg\" alt=\"\" class=\"wp-image-6523\" srcset=\"https:\/\/arnaud-rodriguez.net\/photo\/wp-content\/uploads\/2022\/11\/dipt5-DSC_5790-960x711.jpg 960w, https:\/\/arnaud-rodriguez.net\/photo\/wp-content\/uploads\/2022\/11\/dipt5-DSC_5790-300x222.jpg 300w, https:\/\/arnaud-rodriguez.net\/photo\/wp-content\/uploads\/2022\/11\/dipt5-DSC_5790-768x569.jpg 768w, https:\/\/arnaud-rodriguez.net\/photo\/wp-content\/uploads\/2022\/11\/dipt5-DSC_5790-1536x1138.jpg 1536w, https:\/\/arnaud-rodriguez.net\/photo\/wp-content\/uploads\/2022\/11\/dipt5-DSC_5790-2048x1517.jpg 2048w, https:\/\/arnaud-rodriguez.net\/photo\/wp-content\/uploads\/2022\/11\/dipt5-DSC_5790-624x462.jpg 624w\" sizes=\"auto, (max-width: 960px) 100vw, 960px\" \/><\/a><\/figure>\n\n\n\n<figure class=\"wp-block-image size-large\"><a href=\"https:\/\/arnaud-rodriguez.net\/photo\/wp-content\/uploads\/2022\/11\/dipt4-DSC_5971-2-scaled.jpg\"><img loading=\"lazy\" decoding=\"async\" width=\"960\" height=\"711\" data-id=\"6522\" src=\"https:\/\/arnaud-rodriguez.net\/photo\/wp-content\/uploads\/2022\/11\/dipt4-DSC_5971-2-960x711.jpg\" alt=\"\" class=\"wp-image-6522\" srcset=\"https:\/\/arnaud-rodriguez.net\/photo\/wp-content\/uploads\/2022\/11\/dipt4-DSC_5971-2-960x711.jpg 960w, https:\/\/arnaud-rodriguez.net\/photo\/wp-content\/uploads\/2022\/11\/dipt4-DSC_5971-2-300x222.jpg 300w, https:\/\/arnaud-rodriguez.net\/photo\/wp-content\/uploads\/2022\/11\/dipt4-DSC_5971-2-768x569.jpg 768w, https:\/\/arnaud-rodriguez.net\/photo\/wp-content\/uploads\/2022\/11\/dipt4-DSC_5971-2-1536x1138.jpg 1536w, https:\/\/arnaud-rodriguez.net\/photo\/wp-content\/uploads\/2022\/11\/dipt4-DSC_5971-2-2048x1517.jpg 2048w, https:\/\/arnaud-rodriguez.net\/photo\/wp-content\/uploads\/2022\/11\/dipt4-DSC_5971-2-624x462.jpg 624w\" sizes=\"auto, (max-width: 960px) 100vw, 960px\" \/><\/a><\/figure>\n\n\n\n<figure class=\"wp-block-image size-large\"><a href=\"https:\/\/arnaud-rodriguez.net\/photo\/wp-content\/uploads\/2022\/11\/dipt2-DSC_6259-2-scaled.jpg\"><img loading=\"lazy\" decoding=\"async\" width=\"960\" height=\"711\" data-id=\"6521\" src=\"https:\/\/arnaud-rodriguez.net\/photo\/wp-content\/uploads\/2022\/11\/dipt2-DSC_6259-2-960x711.jpg\" alt=\"\" class=\"wp-image-6521\" srcset=\"https:\/\/arnaud-rodriguez.net\/photo\/wp-content\/uploads\/2022\/11\/dipt2-DSC_6259-2-960x711.jpg 960w, https:\/\/arnaud-rodriguez.net\/photo\/wp-content\/uploads\/2022\/11\/dipt2-DSC_6259-2-300x222.jpg 300w, https:\/\/arnaud-rodriguez.net\/photo\/wp-content\/uploads\/2022\/11\/dipt2-DSC_6259-2-768x569.jpg 768w, https:\/\/arnaud-rodriguez.net\/photo\/wp-content\/uploads\/2022\/11\/dipt2-DSC_6259-2-1536x1138.jpg 1536w, https:\/\/arnaud-rodriguez.net\/photo\/wp-content\/uploads\/2022\/11\/dipt2-DSC_6259-2-2048x1517.jpg 2048w, https:\/\/arnaud-rodriguez.net\/photo\/wp-content\/uploads\/2022\/11\/dipt2-DSC_6259-2-624x462.jpg 624w\" sizes=\"auto, (max-width: 960px) 100vw, 960px\" \/><\/a><\/figure>\n<\/figure>\n\n\n\n<hr class=\"wp-block-separator has-text-color has-vivid-red-color has-alpha-channel-opacity has-vivid-red-background-color has-background is-style-dots\"\/>\n\n\n\n<figure class=\"wp-block-image size-large\"><img loading=\"lazy\" decoding=\"async\" width=\"960\" height=\"664\" src=\"https:\/\/arnaud-rodriguez.net\/photo\/wp-content\/uploads\/2022\/11\/habiter-DSC_5964-2-copie-960x664.jpg\" alt=\"\" class=\"wp-image-6760\" srcset=\"https:\/\/arnaud-rodriguez.net\/photo\/wp-content\/uploads\/2022\/11\/habiter-DSC_5964-2-copie-960x664.jpg 960w, https:\/\/arnaud-rodriguez.net\/photo\/wp-content\/uploads\/2022\/11\/habiter-DSC_5964-2-copie-300x207.jpg 300w, https:\/\/arnaud-rodriguez.net\/photo\/wp-content\/uploads\/2022\/11\/habiter-DSC_5964-2-copie-768x531.jpg 768w, https:\/\/arnaud-rodriguez.net\/photo\/wp-content\/uploads\/2022\/11\/habiter-DSC_5964-2-copie-1536x1062.jpg 1536w, https:\/\/arnaud-rodriguez.net\/photo\/wp-content\/uploads\/2022\/11\/habiter-DSC_5964-2-copie-2048x1415.jpg 2048w\" sizes=\"auto, (max-width: 960px) 100vw, 960px\" \/><figcaption class=\"wp-element-caption\"><sup>Diptyque non conserv\u00e9<\/sup><\/figcaption><\/figure>\n","protected":false},"excerpt":{"rendered":"<p>R\u00e9alis\u00e9 dans le cadre des cours publics de l&rsquo;\u00e9cole des Beaux-Arts de Bordeaux ; 2022. \/\/ Je n\u2019habite pas vraiment tout seul, sais-tu ? C\u2019est quoi, sans les fleurs ? Est-ce que c\u2019est encore chez moi ? Et puis ce serait quoi, sans ce que j\u2019ai gard\u00e9 de nous ? Sans les livres aussi, oui [&hellip;]<\/p>\n","protected":false},"author":2,"featured_media":0,"parent":1245,"menu_order":0,"comment_status":"closed","ping_status":"closed","template":"","meta":{"_monsterinsights_skip_tracking":false,"_monsterinsights_sitenote_active":false,"_monsterinsights_sitenote_note":"","_monsterinsights_sitenote_category":0,"footnotes":""},"class_list":["post-6514","page","type-page","status-publish","hentry"],"aioseo_notices":[],"_links":{"self":[{"href":"https:\/\/arnaud-rodriguez.net\/photo\/wp-json\/wp\/v2\/pages\/6514","targetHints":{"allow":["GET"]}}],"collection":[{"href":"https:\/\/arnaud-rodriguez.net\/photo\/wp-json\/wp\/v2\/pages"}],"about":[{"href":"https:\/\/arnaud-rodriguez.net\/photo\/wp-json\/wp\/v2\/types\/page"}],"author":[{"embeddable":true,"href":"https:\/\/arnaud-rodriguez.net\/photo\/wp-json\/wp\/v2\/users\/2"}],"replies":[{"embeddable":true,"href":"https:\/\/arnaud-rodriguez.net\/photo\/wp-json\/wp\/v2\/comments?post=6514"}],"version-history":[{"count":10,"href":"https:\/\/arnaud-rodriguez.net\/photo\/wp-json\/wp\/v2\/pages\/6514\/revisions"}],"predecessor-version":[{"id":7069,"href":"https:\/\/arnaud-rodriguez.net\/photo\/wp-json\/wp\/v2\/pages\/6514\/revisions\/7069"}],"up":[{"embeddable":true,"href":"https:\/\/arnaud-rodriguez.net\/photo\/wp-json\/wp\/v2\/pages\/1245"}],"wp:attachment":[{"href":"https:\/\/arnaud-rodriguez.net\/photo\/wp-json\/wp\/v2\/media?parent=6514"}],"curies":[{"name":"wp","href":"https:\/\/api.w.org\/{rel}","templated":true}]}}