{"id":6841,"date":"2022-11-15T23:57:09","date_gmt":"2022-11-15T22:57:09","guid":{"rendered":"http:\/\/arnaud-rodriguez.net\/photo\/?page_id=6841"},"modified":"2025-10-20T22:27:48","modified_gmt":"2025-10-20T20:27:48","slug":"prenom-z","status":"publish","type":"page","link":"https:\/\/arnaud-rodriguez.net\/photo\/series\/prenom-z\/","title":{"rendered":"Pr\u00e9nom Z."},"content":{"rendered":"\n<p>L&rsquo;<em>Autre<\/em>, aim\u00e9 ou inconnu, a longtemps \u00e9t\u00e9 absent ou distant dans ma photographie. Il y a quelques ann\u00e9es, j\u2019ai d\u00e9cid\u00e9 de m\u2019en approcher, de le regarder fixement, d\u2019affronter les regards, les visages, les corps, aim\u00e9s ou inconnus. <\/p>\n\n\n\n<p>Ce changement de regard est all\u00e9 de pair avec une \u00e9volution de mon journal qui, depuis 2017, parle plus de moi, de mes \u00e9motions et de mes rencontres amoureuses, joyeuses ou malheureuses. Ainsi est n\u00e9 \u00ab\u00a0<a href=\"https:\/\/arnaud-rodriguez.net\/photo\/fr\/presence-de-lamour-a-linterieur\/\">Pr\u00e9sence de l&rsquo;amour \u00e0 l&rsquo;int\u00e9rieur<\/a>\u00ab\u00a0, en 2019. <\/p>\n\n\n\n<p>Moi qui montre, par l&rsquo;image et l&rsquo;\u00e9crit, mon quotidien depuis 20 ans, je cherche ainsi, aujourd&rsquo;hui, comment en d\u00e9voiler le plus intime sans en dire trop. Cet intime est un pluriel : c&rsquo;est le corps des autres, mais c&rsquo;est aussi moi-m\u00eame, ma solitude, et le corps que j&rsquo;habite, vieillissant petit \u00e0 petit. <\/p>\n\n\n\n<p>Ce t\u00e2tonnement photographique est pass\u00e9, vers 2020, par l&rsquo;envie de ne pas toujours signer sous mon nom. Je suis donc un autre, ici ou l\u00e0, avec un autre nom et un pr\u00e9nom commen\u00e7ant par Z. Et je t\u00e2tonne encore.<\/p>\n\n\n\n<figure class=\"wp-block-image size-full\"><img loading=\"lazy\" decoding=\"async\" width=\"900\" height=\"600\" src=\"https:\/\/arnaud-rodriguez.net\/photo\/wp-content\/uploads\/2021\/10\/210823-DSC_0226.jpg\" alt=\"\" class=\"wp-image-6397\" srcset=\"https:\/\/arnaud-rodriguez.net\/photo\/wp-content\/uploads\/2021\/10\/210823-DSC_0226.jpg 900w, https:\/\/arnaud-rodriguez.net\/photo\/wp-content\/uploads\/2021\/10\/210823-DSC_0226-300x200.jpg 300w, https:\/\/arnaud-rodriguez.net\/photo\/wp-content\/uploads\/2021\/10\/210823-DSC_0226-768x512.jpg 768w, https:\/\/arnaud-rodriguez.net\/photo\/wp-content\/uploads\/2021\/10\/210823-DSC_0226-624x416.jpg 624w\" sizes=\"auto, (max-width: 900px) 100vw, 900px\" \/><\/figure>\n\n\n\n<figure class=\"wp-block-gallery has-nested-images columns-2 is-cropped wp-block-gallery-1 is-layout-flex wp-block-gallery-is-layout-flex\">\n<figure class=\"wp-block-image size-large\"><a href=\"https:\/\/arnaud-rodriguez.net\/photo\/wp-content\/uploads\/2022\/11\/DSC_8993-copie.jpg\"><img loading=\"lazy\" decoding=\"async\" width=\"960\" height=\"640\" data-id=\"6813\" src=\"https:\/\/arnaud-rodriguez.net\/photo\/wp-content\/uploads\/2022\/11\/DSC_8993-copie-960x640.jpg\" alt=\"\" class=\"wp-image-6813\" srcset=\"https:\/\/arnaud-rodriguez.net\/photo\/wp-content\/uploads\/2022\/11\/DSC_8993-copie-960x640.jpg 960w, https:\/\/arnaud-rodriguez.net\/photo\/wp-content\/uploads\/2022\/11\/DSC_8993-copie-300x200.jpg 300w, https:\/\/arnaud-rodriguez.net\/photo\/wp-content\/uploads\/2022\/11\/DSC_8993-copie-768x512.jpg 768w, https:\/\/arnaud-rodriguez.net\/photo\/wp-content\/uploads\/2022\/11\/DSC_8993-copie-1536x1024.jpg 1536w, https:\/\/arnaud-rodriguez.net\/photo\/wp-content\/uploads\/2022\/11\/DSC_8993-copie.jpg 1800w\" sizes=\"auto, (max-width: 960px) 100vw, 960px\" \/><\/a><\/figure>\n\n\n\n<figure class=\"wp-block-image size-large\"><a href=\"https:\/\/arnaud-rodriguez.net\/photo\/wp-content\/uploads\/2022\/11\/z-n-DSC_5420-copie.jpg\"><img loading=\"lazy\" decoding=\"async\" width=\"960\" height=\"640\" data-id=\"6818\" src=\"https:\/\/arnaud-rodriguez.net\/photo\/wp-content\/uploads\/2022\/11\/z-n-DSC_5420-copie-960x640.jpg\" alt=\"\" class=\"wp-image-6818\" srcset=\"https:\/\/arnaud-rodriguez.net\/photo\/wp-content\/uploads\/2022\/11\/z-n-DSC_5420-copie-960x640.jpg 960w, https:\/\/arnaud-rodriguez.net\/photo\/wp-content\/uploads\/2022\/11\/z-n-DSC_5420-copie-300x200.jpg 300w, https:\/\/arnaud-rodriguez.net\/photo\/wp-content\/uploads\/2022\/11\/z-n-DSC_5420-copie-768x512.jpg 768w, https:\/\/arnaud-rodriguez.net\/photo\/wp-content\/uploads\/2022\/11\/z-n-DSC_5420-copie-1536x1024.jpg 1536w, https:\/\/arnaud-rodriguez.net\/photo\/wp-content\/uploads\/2022\/11\/z-n-DSC_5420-copie.jpg 1800w\" sizes=\"auto, (max-width: 960px) 100vw, 960px\" \/><\/a><\/figure>\n<\/figure>\n\n\n\n<figure class=\"wp-block-image size-large\"><img loading=\"lazy\" decoding=\"async\" width=\"960\" height=\"640\" src=\"https:\/\/arnaud-rodriguez.net\/photo\/wp-content\/uploads\/2023\/11\/alex-DSC_9876-copie-960x640.jpg\" alt=\"\" class=\"wp-image-7091\" srcset=\"https:\/\/arnaud-rodriguez.net\/photo\/wp-content\/uploads\/2023\/11\/alex-DSC_9876-copie-960x640.jpg 960w, https:\/\/arnaud-rodriguez.net\/photo\/wp-content\/uploads\/2023\/11\/alex-DSC_9876-copie-300x200.jpg 300w, https:\/\/arnaud-rodriguez.net\/photo\/wp-content\/uploads\/2023\/11\/alex-DSC_9876-copie-768x512.jpg 768w, https:\/\/arnaud-rodriguez.net\/photo\/wp-content\/uploads\/2023\/11\/alex-DSC_9876-copie-1536x1024.jpg 1536w, https:\/\/arnaud-rodriguez.net\/photo\/wp-content\/uploads\/2023\/11\/alex-DSC_9876-copie.jpg 1800w\" sizes=\"auto, (max-width: 960px) 100vw, 960px\" \/><\/figure>\n\n\n\n<div class=\"wp-block-columns is-layout-flex wp-container-core-columns-is-layout-28f84493 wp-block-columns-is-layout-flex\">\n<div class=\"wp-block-column is-layout-flow wp-block-column-is-layout-flow\" style=\"flex-basis:100%\">\n<figure class=\"wp-block-gallery has-nested-images columns-2 is-cropped wp-block-gallery-2 is-layout-flex wp-block-gallery-is-layout-flex\">\n<figure class=\"wp-block-image size-large\"><a href=\"https:\/\/arnaud-rodriguez.net\/photo\/wp-content\/uploads\/2023\/11\/DSC_5604.jpg\"><img loading=\"lazy\" decoding=\"async\" width=\"683\" height=\"1024\" data-id=\"7102\" src=\"https:\/\/arnaud-rodriguez.net\/photo\/wp-content\/uploads\/2023\/11\/DSC_5604-683x1024.jpg\" alt=\"\" class=\"wp-image-7102\" srcset=\"https:\/\/arnaud-rodriguez.net\/photo\/wp-content\/uploads\/2023\/11\/DSC_5604-683x1024.jpg 683w, https:\/\/arnaud-rodriguez.net\/photo\/wp-content\/uploads\/2023\/11\/DSC_5604-200x300.jpg 200w, https:\/\/arnaud-rodriguez.net\/photo\/wp-content\/uploads\/2023\/11\/DSC_5604-768x1152.jpg 768w, https:\/\/arnaud-rodriguez.net\/photo\/wp-content\/uploads\/2023\/11\/DSC_5604-1024x1536.jpg 1024w, https:\/\/arnaud-rodriguez.net\/photo\/wp-content\/uploads\/2023\/11\/DSC_5604.jpg 1200w\" sizes=\"auto, (max-width: 683px) 100vw, 683px\" \/><\/a><\/figure>\n\n\n\n<figure class=\"wp-block-image size-large\"><a href=\"https:\/\/arnaud-rodriguez.net\/photo\/wp-content\/uploads\/2023\/11\/DSC_6679-copie-2.jpg\"><img loading=\"lazy\" decoding=\"async\" width=\"683\" height=\"1024\" data-id=\"7107\" src=\"https:\/\/arnaud-rodriguez.net\/photo\/wp-content\/uploads\/2023\/11\/DSC_6679-copie-2-683x1024.jpg\" alt=\"\" class=\"wp-image-7107\" srcset=\"https:\/\/arnaud-rodriguez.net\/photo\/wp-content\/uploads\/2023\/11\/DSC_6679-copie-2-683x1024.jpg 683w, https:\/\/arnaud-rodriguez.net\/photo\/wp-content\/uploads\/2023\/11\/DSC_6679-copie-2-200x300.jpg 200w, https:\/\/arnaud-rodriguez.net\/photo\/wp-content\/uploads\/2023\/11\/DSC_6679-copie-2-768x1152.jpg 768w, https:\/\/arnaud-rodriguez.net\/photo\/wp-content\/uploads\/2023\/11\/DSC_6679-copie-2-1024x1536.jpg 1024w, https:\/\/arnaud-rodriguez.net\/photo\/wp-content\/uploads\/2023\/11\/DSC_6679-copie-2.jpg 1200w\" sizes=\"auto, (max-width: 683px) 100vw, 683px\" \/><\/a><\/figure>\n\n\n\n<figure class=\"wp-block-image size-large\"><a href=\"https:\/\/arnaud-rodriguez.net\/photo\/wp-content\/uploads\/2023\/11\/z-x-DSC_7825.jpg\"><img loading=\"lazy\" decoding=\"async\" width=\"960\" height=\"640\" data-id=\"7098\" src=\"https:\/\/arnaud-rodriguez.net\/photo\/wp-content\/uploads\/2023\/11\/z-x-DSC_7825-960x640.jpg\" alt=\"\" class=\"wp-image-7098\" srcset=\"https:\/\/arnaud-rodriguez.net\/photo\/wp-content\/uploads\/2023\/11\/z-x-DSC_7825-960x640.jpg 960w, https:\/\/arnaud-rodriguez.net\/photo\/wp-content\/uploads\/2023\/11\/z-x-DSC_7825-300x200.jpg 300w, https:\/\/arnaud-rodriguez.net\/photo\/wp-content\/uploads\/2023\/11\/z-x-DSC_7825-768x512.jpg 768w, https:\/\/arnaud-rodriguez.net\/photo\/wp-content\/uploads\/2023\/11\/z-x-DSC_7825-1536x1024.jpg 1536w, https:\/\/arnaud-rodriguez.net\/photo\/wp-content\/uploads\/2023\/11\/z-x-DSC_7825.jpg 1800w\" sizes=\"auto, (max-width: 960px) 100vw, 960px\" \/><\/a><\/figure>\n\n\n\n<figure class=\"wp-block-image size-large\"><a href=\"https:\/\/arnaud-rodriguez.net\/photo\/wp-content\/uploads\/2023\/11\/210813-DSC_9042.jpg\"><img loading=\"lazy\" decoding=\"async\" width=\"960\" height=\"640\" data-id=\"7097\" src=\"https:\/\/arnaud-rodriguez.net\/photo\/wp-content\/uploads\/2023\/11\/210813-DSC_9042-960x640.jpg\" alt=\"\" class=\"wp-image-7097\" srcset=\"https:\/\/arnaud-rodriguez.net\/photo\/wp-content\/uploads\/2023\/11\/210813-DSC_9042-960x640.jpg 960w, https:\/\/arnaud-rodriguez.net\/photo\/wp-content\/uploads\/2023\/11\/210813-DSC_9042-300x200.jpg 300w, https:\/\/arnaud-rodriguez.net\/photo\/wp-content\/uploads\/2023\/11\/210813-DSC_9042-768x512.jpg 768w, https:\/\/arnaud-rodriguez.net\/photo\/wp-content\/uploads\/2023\/11\/210813-DSC_9042-1536x1024.jpg 1536w, https:\/\/arnaud-rodriguez.net\/photo\/wp-content\/uploads\/2023\/11\/210813-DSC_9042.jpg 1800w\" sizes=\"auto, (max-width: 960px) 100vw, 960px\" \/><\/a><\/figure>\n\n\n\n<figure class=\"wp-block-image size-large\"><a href=\"https:\/\/arnaud-rodriguez.net\/photo\/wp-content\/uploads\/2023\/11\/DSC_4833.jpg\"><img loading=\"lazy\" decoding=\"async\" width=\"960\" height=\"640\" data-id=\"7099\" src=\"https:\/\/arnaud-rodriguez.net\/photo\/wp-content\/uploads\/2023\/11\/DSC_4833-960x640.jpg\" alt=\"\" class=\"wp-image-7099\" srcset=\"https:\/\/arnaud-rodriguez.net\/photo\/wp-content\/uploads\/2023\/11\/DSC_4833-960x640.jpg 960w, https:\/\/arnaud-rodriguez.net\/photo\/wp-content\/uploads\/2023\/11\/DSC_4833-300x200.jpg 300w, https:\/\/arnaud-rodriguez.net\/photo\/wp-content\/uploads\/2023\/11\/DSC_4833-768x512.jpg 768w, https:\/\/arnaud-rodriguez.net\/photo\/wp-content\/uploads\/2023\/11\/DSC_4833-1536x1024.jpg 1536w, https:\/\/arnaud-rodriguez.net\/photo\/wp-content\/uploads\/2023\/11\/DSC_4833.jpg 1800w\" sizes=\"auto, (max-width: 960px) 100vw, 960px\" \/><\/a><\/figure>\n\n\n\n<figure class=\"wp-block-image size-large\"><a href=\"https:\/\/arnaud-rodriguez.net\/photo\/wp-content\/uploads\/2023\/11\/DSC_5678.jpg\"><img loading=\"lazy\" decoding=\"async\" width=\"960\" height=\"640\" data-id=\"7103\" src=\"https:\/\/arnaud-rodriguez.net\/photo\/wp-content\/uploads\/2023\/11\/DSC_5678-960x640.jpg\" alt=\"\" class=\"wp-image-7103\" srcset=\"https:\/\/arnaud-rodriguez.net\/photo\/wp-content\/uploads\/2023\/11\/DSC_5678-960x640.jpg 960w, https:\/\/arnaud-rodriguez.net\/photo\/wp-content\/uploads\/2023\/11\/DSC_5678-300x200.jpg 300w, https:\/\/arnaud-rodriguez.net\/photo\/wp-content\/uploads\/2023\/11\/DSC_5678-768x512.jpg 768w, https:\/\/arnaud-rodriguez.net\/photo\/wp-content\/uploads\/2023\/11\/DSC_5678-1536x1024.jpg 1536w, https:\/\/arnaud-rodriguez.net\/photo\/wp-content\/uploads\/2023\/11\/DSC_5678.jpg 1800w\" sizes=\"auto, (max-width: 960px) 100vw, 960px\" \/><\/a><\/figure>\n\n\n\n<figure class=\"wp-block-image size-large\"><a href=\"https:\/\/arnaud-rodriguez.net\/photo\/wp-content\/uploads\/2023\/11\/DSC_8903.jpg\"><img loading=\"lazy\" decoding=\"async\" width=\"683\" height=\"1024\" data-id=\"7114\" src=\"https:\/\/arnaud-rodriguez.net\/photo\/wp-content\/uploads\/2023\/11\/DSC_8903-683x1024.jpg\" alt=\"\" class=\"wp-image-7114\" srcset=\"https:\/\/arnaud-rodriguez.net\/photo\/wp-content\/uploads\/2023\/11\/DSC_8903-683x1024.jpg 683w, https:\/\/arnaud-rodriguez.net\/photo\/wp-content\/uploads\/2023\/11\/DSC_8903-200x300.jpg 200w, https:\/\/arnaud-rodriguez.net\/photo\/wp-content\/uploads\/2023\/11\/DSC_8903-768x1152.jpg 768w, https:\/\/arnaud-rodriguez.net\/photo\/wp-content\/uploads\/2023\/11\/DSC_8903-1024x1536.jpg 1024w, https:\/\/arnaud-rodriguez.net\/photo\/wp-content\/uploads\/2023\/11\/DSC_8903.jpg 1200w\" sizes=\"auto, (max-width: 683px) 100vw, 683px\" \/><\/a><\/figure>\n\n\n\n<figure class=\"wp-block-image size-large\"><a href=\"https:\/\/arnaud-rodriguez.net\/photo\/wp-content\/uploads\/2023\/11\/DSC_9731-1.jpg\"><img loading=\"lazy\" decoding=\"async\" width=\"683\" height=\"1024\" data-id=\"7113\" src=\"https:\/\/arnaud-rodriguez.net\/photo\/wp-content\/uploads\/2023\/11\/DSC_9731-1-683x1024.jpg\" alt=\"\" class=\"wp-image-7113\" srcset=\"https:\/\/arnaud-rodriguez.net\/photo\/wp-content\/uploads\/2023\/11\/DSC_9731-1-683x1024.jpg 683w, https:\/\/arnaud-rodriguez.net\/photo\/wp-content\/uploads\/2023\/11\/DSC_9731-1-200x300.jpg 200w, https:\/\/arnaud-rodriguez.net\/photo\/wp-content\/uploads\/2023\/11\/DSC_9731-1-768x1152.jpg 768w, https:\/\/arnaud-rodriguez.net\/photo\/wp-content\/uploads\/2023\/11\/DSC_9731-1-1024x1536.jpg 1024w, https:\/\/arnaud-rodriguez.net\/photo\/wp-content\/uploads\/2023\/11\/DSC_9731-1.jpg 1200w\" sizes=\"auto, (max-width: 683px) 100vw, 683px\" \/><\/a><\/figure>\n\n\n\n<figure class=\"wp-block-image size-large\"><a href=\"https:\/\/arnaud-rodriguez.net\/photo\/wp-content\/uploads\/2023\/11\/DSC_8053-E.jpg\"><img loading=\"lazy\" decoding=\"async\" width=\"960\" height=\"640\" data-id=\"7108\" src=\"https:\/\/arnaud-rodriguez.net\/photo\/wp-content\/uploads\/2023\/11\/DSC_8053-E-960x640.jpg\" alt=\"\" class=\"wp-image-7108\" srcset=\"https:\/\/arnaud-rodriguez.net\/photo\/wp-content\/uploads\/2023\/11\/DSC_8053-E-960x640.jpg 960w, https:\/\/arnaud-rodriguez.net\/photo\/wp-content\/uploads\/2023\/11\/DSC_8053-E-300x200.jpg 300w, https:\/\/arnaud-rodriguez.net\/photo\/wp-content\/uploads\/2023\/11\/DSC_8053-E-768x512.jpg 768w, https:\/\/arnaud-rodriguez.net\/photo\/wp-content\/uploads\/2023\/11\/DSC_8053-E-1536x1024.jpg 1536w, https:\/\/arnaud-rodriguez.net\/photo\/wp-content\/uploads\/2023\/11\/DSC_8053-E.jpg 1800w\" sizes=\"auto, (max-width: 960px) 100vw, 960px\" \/><\/a><\/figure>\n\n\n\n<figure class=\"wp-block-image size-large\"><a href=\"https:\/\/arnaud-rodriguez.net\/photo\/wp-content\/uploads\/2023\/11\/DSC_8037-2.jpg\"><img loading=\"lazy\" decoding=\"async\" width=\"960\" height=\"640\" data-id=\"7106\" src=\"https:\/\/arnaud-rodriguez.net\/photo\/wp-content\/uploads\/2023\/11\/DSC_8037-2-960x640.jpg\" alt=\"\" class=\"wp-image-7106\" srcset=\"https:\/\/arnaud-rodriguez.net\/photo\/wp-content\/uploads\/2023\/11\/DSC_8037-2-960x640.jpg 960w, https:\/\/arnaud-rodriguez.net\/photo\/wp-content\/uploads\/2023\/11\/DSC_8037-2-300x200.jpg 300w, https:\/\/arnaud-rodriguez.net\/photo\/wp-content\/uploads\/2023\/11\/DSC_8037-2-768x512.jpg 768w, https:\/\/arnaud-rodriguez.net\/photo\/wp-content\/uploads\/2023\/11\/DSC_8037-2-1536x1024.jpg 1536w, https:\/\/arnaud-rodriguez.net\/photo\/wp-content\/uploads\/2023\/11\/DSC_8037-2.jpg 1800w\" sizes=\"auto, (max-width: 960px) 100vw, 960px\" \/><\/a><\/figure>\n\n\n\n<figure class=\"wp-block-image size-large\"><img loading=\"lazy\" decoding=\"async\" width=\"960\" height=\"640\" data-id=\"7144\" src=\"https:\/\/arnaud-rodriguez.net\/photo\/wp-content\/uploads\/2023\/11\/stan-230822-DSC_9593-960x640.jpg\" alt=\"\" class=\"wp-image-7144\" srcset=\"https:\/\/arnaud-rodriguez.net\/photo\/wp-content\/uploads\/2023\/11\/stan-230822-DSC_9593-960x640.jpg 960w, https:\/\/arnaud-rodriguez.net\/photo\/wp-content\/uploads\/2023\/11\/stan-230822-DSC_9593-300x200.jpg 300w, https:\/\/arnaud-rodriguez.net\/photo\/wp-content\/uploads\/2023\/11\/stan-230822-DSC_9593-768x512.jpg 768w, https:\/\/arnaud-rodriguez.net\/photo\/wp-content\/uploads\/2023\/11\/stan-230822-DSC_9593-1536x1024.jpg 1536w, https:\/\/arnaud-rodriguez.net\/photo\/wp-content\/uploads\/2023\/11\/stan-230822-DSC_9593.jpg 1800w\" sizes=\"auto, (max-width: 960px) 100vw, 960px\" \/><\/figure>\n\n\n\n<figure class=\"wp-block-image size-large\"><img loading=\"lazy\" decoding=\"async\" width=\"960\" height=\"640\" data-id=\"7143\" src=\"https:\/\/arnaud-rodriguez.net\/photo\/wp-content\/uploads\/2023\/11\/DSC_5986-copie-960x640.jpg\" alt=\"\" class=\"wp-image-7143\" srcset=\"https:\/\/arnaud-rodriguez.net\/photo\/wp-content\/uploads\/2023\/11\/DSC_5986-copie-960x640.jpg 960w, https:\/\/arnaud-rodriguez.net\/photo\/wp-content\/uploads\/2023\/11\/DSC_5986-copie-300x200.jpg 300w, https:\/\/arnaud-rodriguez.net\/photo\/wp-content\/uploads\/2023\/11\/DSC_5986-copie-768x512.jpg 768w, https:\/\/arnaud-rodriguez.net\/photo\/wp-content\/uploads\/2023\/11\/DSC_5986-copie-1536x1024.jpg 1536w, https:\/\/arnaud-rodriguez.net\/photo\/wp-content\/uploads\/2023\/11\/DSC_5986-copie.jpg 1800w\" sizes=\"auto, (max-width: 960px) 100vw, 960px\" \/><\/figure>\n\n\n\n<figure class=\"wp-block-image size-large\"><img loading=\"lazy\" decoding=\"async\" width=\"960\" height=\"640\" data-id=\"7142\" src=\"https:\/\/arnaud-rodriguez.net\/photo\/wp-content\/uploads\/2023\/11\/DSC_8344-copie-2-960x640.jpg\" alt=\"\" class=\"wp-image-7142\" srcset=\"https:\/\/arnaud-rodriguez.net\/photo\/wp-content\/uploads\/2023\/11\/DSC_8344-copie-2-960x640.jpg 960w, https:\/\/arnaud-rodriguez.net\/photo\/wp-content\/uploads\/2023\/11\/DSC_8344-copie-2-300x200.jpg 300w, https:\/\/arnaud-rodriguez.net\/photo\/wp-content\/uploads\/2023\/11\/DSC_8344-copie-2-768x512.jpg 768w, https:\/\/arnaud-rodriguez.net\/photo\/wp-content\/uploads\/2023\/11\/DSC_8344-copie-2-1536x1024.jpg 1536w, https:\/\/arnaud-rodriguez.net\/photo\/wp-content\/uploads\/2023\/11\/DSC_8344-copie-2.jpg 1800w\" sizes=\"auto, (max-width: 960px) 100vw, 960px\" \/><\/figure>\n\n\n\n<figure class=\"wp-block-image size-large\"><img loading=\"lazy\" decoding=\"async\" width=\"960\" height=\"640\" data-id=\"7141\" src=\"https:\/\/arnaud-rodriguez.net\/photo\/wp-content\/uploads\/2023\/11\/i-230919-DSC_0732-960x640.jpg\" alt=\"\" class=\"wp-image-7141\" srcset=\"https:\/\/arnaud-rodriguez.net\/photo\/wp-content\/uploads\/2023\/11\/i-230919-DSC_0732-960x640.jpg 960w, https:\/\/arnaud-rodriguez.net\/photo\/wp-content\/uploads\/2023\/11\/i-230919-DSC_0732-300x200.jpg 300w, https:\/\/arnaud-rodriguez.net\/photo\/wp-content\/uploads\/2023\/11\/i-230919-DSC_0732-768x512.jpg 768w, https:\/\/arnaud-rodriguez.net\/photo\/wp-content\/uploads\/2023\/11\/i-230919-DSC_0732-1536x1024.jpg 1536w, https:\/\/arnaud-rodriguez.net\/photo\/wp-content\/uploads\/2023\/11\/i-230919-DSC_0732.jpg 1800w\" sizes=\"auto, (max-width: 960px) 100vw, 960px\" \/><\/figure>\n<\/figure>\n<\/div>\n<\/div>\n\n\n\n<figure class=\"wp-block-image size-large\"><img loading=\"lazy\" decoding=\"async\" width=\"960\" height=\"639\" src=\"https:\/\/arnaud-rodriguez.net\/photo\/wp-content\/uploads\/2023\/11\/DSC_9561-960x639.jpg\" alt=\"\" class=\"wp-image-7217\" srcset=\"https:\/\/arnaud-rodriguez.net\/photo\/wp-content\/uploads\/2023\/11\/DSC_9561-960x639.jpg 960w, https:\/\/arnaud-rodriguez.net\/photo\/wp-content\/uploads\/2023\/11\/DSC_9561-300x200.jpg 300w, https:\/\/arnaud-rodriguez.net\/photo\/wp-content\/uploads\/2023\/11\/DSC_9561-768x511.jpg 768w, https:\/\/arnaud-rodriguez.net\/photo\/wp-content\/uploads\/2023\/11\/DSC_9561-1536x1022.jpg 1536w, https:\/\/arnaud-rodriguez.net\/photo\/wp-content\/uploads\/2023\/11\/DSC_9561-2048x1363.jpg 2048w\" sizes=\"auto, (max-width: 960px) 100vw, 960px\" \/><\/figure>\n","protected":false},"excerpt":{"rendered":"<p>L&rsquo;Autre, aim\u00e9 ou inconnu, a longtemps \u00e9t\u00e9 absent ou distant dans ma photographie. Il y a quelques ann\u00e9es, j\u2019ai d\u00e9cid\u00e9 de m\u2019en approcher, de le regarder fixement, d\u2019affronter les regards, les visages, les corps, aim\u00e9s ou inconnus. Ce changement de regard est all\u00e9 de pair avec une \u00e9volution de mon journal qui, depuis 2017, parle [&hellip;]<\/p>\n","protected":false},"author":2,"featured_media":0,"parent":1245,"menu_order":0,"comment_status":"closed","ping_status":"closed","template":"","meta":{"_monsterinsights_skip_tracking":false,"_monsterinsights_sitenote_active":false,"_monsterinsights_sitenote_note":"","_monsterinsights_sitenote_category":0,"footnotes":""},"class_list":["post-6841","page","type-page","status-publish","hentry"],"aioseo_notices":[],"_links":{"self":[{"href":"https:\/\/arnaud-rodriguez.net\/photo\/wp-json\/wp\/v2\/pages\/6841","targetHints":{"allow":["GET"]}}],"collection":[{"href":"https:\/\/arnaud-rodriguez.net\/photo\/wp-json\/wp\/v2\/pages"}],"about":[{"href":"https:\/\/arnaud-rodriguez.net\/photo\/wp-json\/wp\/v2\/types\/page"}],"author":[{"embeddable":true,"href":"https:\/\/arnaud-rodriguez.net\/photo\/wp-json\/wp\/v2\/users\/2"}],"replies":[{"embeddable":true,"href":"https:\/\/arnaud-rodriguez.net\/photo\/wp-json\/wp\/v2\/comments?post=6841"}],"version-history":[{"count":32,"href":"https:\/\/arnaud-rodriguez.net\/photo\/wp-json\/wp\/v2\/pages\/6841\/revisions"}],"predecessor-version":[{"id":14753,"href":"https:\/\/arnaud-rodriguez.net\/photo\/wp-json\/wp\/v2\/pages\/6841\/revisions\/14753"}],"up":[{"embeddable":true,"href":"https:\/\/arnaud-rodriguez.net\/photo\/wp-json\/wp\/v2\/pages\/1245"}],"wp:attachment":[{"href":"https:\/\/arnaud-rodriguez.net\/photo\/wp-json\/wp\/v2\/media?parent=6841"}],"curies":[{"name":"wp","href":"https:\/\/api.w.org\/{rel}","templated":true}]}}