{"id":730,"date":"2015-06-11T02:44:14","date_gmt":"2011-03-08T12:17:43","guid":{"rendered":"http:\/\/www.avec-un-z.fr\/photo\/?page_id=730"},"modified":"2022-11-14T20:16:37","modified_gmt":"2022-11-14T19:16:37","slug":"noublier-que-les-voix","status":"publish","type":"page","link":"https:\/\/arnaud-rodriguez.net\/photo\/series\/noublier-que-les-voix\/","title":{"rendered":"N&rsquo;oublier que les voix"},"content":{"rendered":"<p>Chaniers,\u00a0 3 500 habitants, une apr\u00e8s-midi, une promenade&#8230; Chercher les souvenirs d&rsquo;enfance ; en cr\u00e9er, peut-\u00eatre.<\/p>\n<p><a href=\"http:\/\/www.arnaud-rodriguez.net\/photo\/wp-content\/uploads\/2011\/03\/chaniers26-2.jpg\"><img loading=\"lazy\" decoding=\"async\" class=\"alignleft size-full wp-image-2310\" src=\"http:\/\/www.arnaud-rodriguez.net\/photo\/wp-content\/uploads\/2011\/03\/chaniers26-2.jpg\" alt=\"chaniers26-2\" width=\"960\" height=\"720\" \/><\/a>\u00a0<a href=\"http:\/\/www.arnaud-rodriguez.net\/photo\/wp-content\/uploads\/2011\/03\/chaniers02-2.jpg\"><img loading=\"lazy\" decoding=\"async\" class=\"alignleft size-full wp-image-2316\" src=\"http:\/\/www.arnaud-rodriguez.net\/photo\/wp-content\/uploads\/2011\/03\/chaniers02-2.jpg\" alt=\"chaniers02-2\" width=\"960\" height=\"720\" \/><\/a> <a href=\"http:\/\/www.arnaud-rodriguez.net\/photo\/wp-content\/uploads\/2011\/03\/chaniers04-2.jpg\"><img loading=\"lazy\" decoding=\"async\" class=\"alignleft size-medium wp-image-2315\" src=\"http:\/\/www.arnaud-rodriguez.net\/photo\/wp-content\/uploads\/2011\/03\/chaniers04-2-262x350.jpg\" alt=\"chaniers04-2\" width=\"262\" height=\"350\" \/><\/a> <a href=\"http:\/\/www.arnaud-rodriguez.net\/photo\/wp-content\/uploads\/2011\/03\/chaniers17-2.jpg\"><img loading=\"lazy\" decoding=\"async\" class=\"alignleft size-medium wp-image-2311\" src=\"http:\/\/www.arnaud-rodriguez.net\/photo\/wp-content\/uploads\/2011\/03\/chaniers17-2-262x350.jpg\" alt=\"chaniers17-2\" width=\"262\" height=\"350\" \/><\/a>\u00a0 <a href=\"http:\/\/www.arnaud-rodriguez.net\/photo\/wp-content\/uploads\/2011\/03\/chaniers14-2.jpg\"><img loading=\"lazy\" decoding=\"async\" class=\"alignleft size-medium wp-image-2313\" src=\"http:\/\/www.arnaud-rodriguez.net\/photo\/wp-content\/uploads\/2011\/03\/chaniers14-2-262x350.jpg\" alt=\"chaniers14-2\" width=\"262\" height=\"350\" \/><\/a><\/p>\n","protected":false},"excerpt":{"rendered":"<p>Chaniers,\u00a0 3 500 habitants, une apr\u00e8s-midi, une promenade&#8230; Chercher les souvenirs d&rsquo;enfance ; en cr\u00e9er, peut-\u00eatre. \u00a0 \u00a0<\/p>\n","protected":false},"author":2,"featured_media":0,"parent":1245,"menu_order":20,"comment_status":"open","ping_status":"open","template":"","meta":{"_monsterinsights_skip_tracking":false,"_monsterinsights_sitenote_active":false,"_monsterinsights_sitenote_note":"","_monsterinsights_sitenote_category":0,"footnotes":""},"class_list":["post-730","page","type-page","status-publish","hentry"],"aioseo_notices":[],"_links":{"self":[{"href":"https:\/\/arnaud-rodriguez.net\/photo\/wp-json\/wp\/v2\/pages\/730","targetHints":{"allow":["GET"]}}],"collection":[{"href":"https:\/\/arnaud-rodriguez.net\/photo\/wp-json\/wp\/v2\/pages"}],"about":[{"href":"https:\/\/arnaud-rodriguez.net\/photo\/wp-json\/wp\/v2\/types\/page"}],"author":[{"embeddable":true,"href":"https:\/\/arnaud-rodriguez.net\/photo\/wp-json\/wp\/v2\/users\/2"}],"replies":[{"embeddable":true,"href":"https:\/\/arnaud-rodriguez.net\/photo\/wp-json\/wp\/v2\/comments?post=730"}],"version-history":[{"count":1,"href":"https:\/\/arnaud-rodriguez.net\/photo\/wp-json\/wp\/v2\/pages\/730\/revisions"}],"predecessor-version":[{"id":6329,"href":"https:\/\/arnaud-rodriguez.net\/photo\/wp-json\/wp\/v2\/pages\/730\/revisions\/6329"}],"up":[{"embeddable":true,"href":"https:\/\/arnaud-rodriguez.net\/photo\/wp-json\/wp\/v2\/pages\/1245"}],"wp:attachment":[{"href":"https:\/\/arnaud-rodriguez.net\/photo\/wp-json\/wp\/v2\/media?parent=730"}],"curies":[{"name":"wp","href":"https:\/\/api.w.org\/{rel}","templated":true}]}}