{"id":7730,"date":"2024-11-20T23:51:18","date_gmt":"2024-11-20T22:51:18","guid":{"rendered":"https:\/\/arnaud-rodriguez.net\/photo\/?page_id=7730"},"modified":"2025-08-04T14:51:51","modified_gmt":"2025-08-04T12:51:51","slug":"cousues","status":"publish","type":"page","link":"https:\/\/arnaud-rodriguez.net\/photo\/series\/cousues\/","title":{"rendered":"Corps cousus"},"content":{"rendered":"\n<div class=\"wp-block-columns is-layout-flex wp-container-core-columns-is-layout-28f84493 wp-block-columns-is-layout-flex\">\n<div class=\"wp-block-column is-layout-flow wp-block-column-is-layout-flow\">\n<p>Projet en collaboration avec Fr\u00e9d\u00e9ric Poussin (2024&#8230;)<\/p>\n\n\n\n<p>Fr\u00e9d\u00e9ric Poussin chine, bidouille, accumule, assemble, recycle, juste pour le plaisir d\u2019essayer de fabriquer des choses. Il voit du joli dans les petites choses du quotidien, de la beaut\u00e9 dans le moche et l\u2019anodin, de la mati\u00e8re dans l\u2019abandonn\u00e9. Il brode en g\u00e9n\u00e9ral avec d\u00e9sinvolture et humour, mais a pris tr\u00e8s s\u00e9rieusement cette collaboration ! <\/p>\n<\/div>\n\n\n\n<div class=\"wp-block-column is-layout-flow wp-block-column-is-layout-flow\">\n<figure class=\"wp-block-image size-large\"><img loading=\"lazy\" decoding=\"async\" width=\"700\" height=\"1024\" src=\"https:\/\/arnaud-rodriguez.net\/photo\/wp-content\/uploads\/2025\/07\/cousus-DSC_1470-copie-700x1024.jpg\" alt=\"\" class=\"wp-image-14659\" srcset=\"https:\/\/arnaud-rodriguez.net\/photo\/wp-content\/uploads\/2025\/07\/cousus-DSC_1470-copie-700x1024.jpg 700w, https:\/\/arnaud-rodriguez.net\/photo\/wp-content\/uploads\/2025\/07\/cousus-DSC_1470-copie-205x300.jpg 205w, https:\/\/arnaud-rodriguez.net\/photo\/wp-content\/uploads\/2025\/07\/cousus-DSC_1470-copie-768x1124.jpg 768w, https:\/\/arnaud-rodriguez.net\/photo\/wp-content\/uploads\/2025\/07\/cousus-DSC_1470-copie.jpg 797w\" sizes=\"auto, (max-width: 700px) 100vw, 700px\" \/><\/figure>\n<\/div>\n<\/div>\n","protected":false},"excerpt":{"rendered":"<p>Projet en collaboration avec Fr\u00e9d\u00e9ric Poussin (2024&#8230;) Fr\u00e9d\u00e9ric Poussin chine, bidouille, accumule, assemble, recycle, juste pour le plaisir d\u2019essayer de fabriquer des choses. Il voit du joli dans les petites choses du quotidien, de la beaut\u00e9 dans le moche et l\u2019anodin, de la mati\u00e8re dans l\u2019abandonn\u00e9. Il brode en g\u00e9n\u00e9ral avec d\u00e9sinvolture et humour, mais [&hellip;]<\/p>\n","protected":false},"author":2,"featured_media":0,"parent":1245,"menu_order":0,"comment_status":"closed","ping_status":"closed","template":"","meta":{"_monsterinsights_skip_tracking":false,"_monsterinsights_sitenote_active":false,"_monsterinsights_sitenote_note":"","_monsterinsights_sitenote_category":0,"footnotes":""},"class_list":["post-7730","page","type-page","status-publish","hentry"],"aioseo_notices":[],"_links":{"self":[{"href":"https:\/\/arnaud-rodriguez.net\/photo\/wp-json\/wp\/v2\/pages\/7730","targetHints":{"allow":["GET"]}}],"collection":[{"href":"https:\/\/arnaud-rodriguez.net\/photo\/wp-json\/wp\/v2\/pages"}],"about":[{"href":"https:\/\/arnaud-rodriguez.net\/photo\/wp-json\/wp\/v2\/types\/page"}],"author":[{"embeddable":true,"href":"https:\/\/arnaud-rodriguez.net\/photo\/wp-json\/wp\/v2\/users\/2"}],"replies":[{"embeddable":true,"href":"https:\/\/arnaud-rodriguez.net\/photo\/wp-json\/wp\/v2\/comments?post=7730"}],"version-history":[{"count":6,"href":"https:\/\/arnaud-rodriguez.net\/photo\/wp-json\/wp\/v2\/pages\/7730\/revisions"}],"predecessor-version":[{"id":14690,"href":"https:\/\/arnaud-rodriguez.net\/photo\/wp-json\/wp\/v2\/pages\/7730\/revisions\/14690"}],"up":[{"embeddable":true,"href":"https:\/\/arnaud-rodriguez.net\/photo\/wp-json\/wp\/v2\/pages\/1245"}],"wp:attachment":[{"href":"https:\/\/arnaud-rodriguez.net\/photo\/wp-json\/wp\/v2\/media?parent=7730"}],"curies":[{"name":"wp","href":"https:\/\/api.w.org\/{rel}","templated":true}]}}