{"id":8955,"date":"2024-11-21T23:16:30","date_gmt":"2024-11-21T22:16:30","guid":{"rendered":"https:\/\/arnaud-rodriguez.net\/photo\/?page_id=8955"},"modified":"2025-02-09T16:12:44","modified_gmt":"2025-02-09T15:12:44","slug":"bo","status":"publish","type":"page","link":"https:\/\/arnaud-rodriguez.net\/photo\/series\/bo\/","title":{"rendered":"A+B"},"content":{"rendered":"\n<p>Photographies du travail de Benjamin Begey, dit Billgraben<\/p>\n\n\n\n<h3 class=\"wp-block-heading\">Performance en domicile inconnu <\/h3>\n\n\n\n<p>D\u00e9cembre 2023<\/p>\n\n\n\n<figure class=\"wp-block-gallery has-nested-images columns-2 is-cropped wp-block-gallery-1 is-layout-flex wp-block-gallery-is-layout-flex\">\n<figure class=\"wp-block-image size-large\"><img loading=\"lazy\" decoding=\"async\" width=\"683\" height=\"1024\" data-id=\"9557\" src=\"https:\/\/arnaud-rodriguez.net\/photo\/wp-content\/uploads\/2025\/01\/billgraben-DSC_1639-copie-2-683x1024.jpg\" alt=\"\" class=\"wp-image-9557\" srcset=\"https:\/\/arnaud-rodriguez.net\/photo\/wp-content\/uploads\/2025\/01\/billgraben-DSC_1639-copie-2-683x1024.jpg 683w, https:\/\/arnaud-rodriguez.net\/photo\/wp-content\/uploads\/2025\/01\/billgraben-DSC_1639-copie-2-200x300.jpg 200w, https:\/\/arnaud-rodriguez.net\/photo\/wp-content\/uploads\/2025\/01\/billgraben-DSC_1639-copie-2-768x1152.jpg 768w, https:\/\/arnaud-rodriguez.net\/photo\/wp-content\/uploads\/2025\/01\/billgraben-DSC_1639-copie-2-1024x1536.jpg 1024w, https:\/\/arnaud-rodriguez.net\/photo\/wp-content\/uploads\/2025\/01\/billgraben-DSC_1639-copie-2.jpg 1200w\" sizes=\"auto, (max-width: 683px) 100vw, 683px\" \/><\/figure>\n\n\n\n<figure class=\"wp-block-image size-large\"><img loading=\"lazy\" decoding=\"async\" width=\"683\" height=\"1024\" data-id=\"9556\" src=\"https:\/\/arnaud-rodriguez.net\/photo\/wp-content\/uploads\/2025\/01\/billgraben-DSC_1629-copie-2-683x1024.jpg\" alt=\"\" class=\"wp-image-9556\" srcset=\"https:\/\/arnaud-rodriguez.net\/photo\/wp-content\/uploads\/2025\/01\/billgraben-DSC_1629-copie-2-683x1024.jpg 683w, https:\/\/arnaud-rodriguez.net\/photo\/wp-content\/uploads\/2025\/01\/billgraben-DSC_1629-copie-2-200x300.jpg 200w, https:\/\/arnaud-rodriguez.net\/photo\/wp-content\/uploads\/2025\/01\/billgraben-DSC_1629-copie-2-768x1152.jpg 768w, https:\/\/arnaud-rodriguez.net\/photo\/wp-content\/uploads\/2025\/01\/billgraben-DSC_1629-copie-2-1024x1536.jpg 1024w, https:\/\/arnaud-rodriguez.net\/photo\/wp-content\/uploads\/2025\/01\/billgraben-DSC_1629-copie-2.jpg 1200w\" sizes=\"auto, (max-width: 683px) 100vw, 683px\" \/><\/figure>\n\n\n\n<figure class=\"wp-block-image size-large\"><img loading=\"lazy\" decoding=\"async\" width=\"960\" height=\"640\" data-id=\"9558\" src=\"https:\/\/arnaud-rodriguez.net\/photo\/wp-content\/uploads\/2025\/01\/billgraben-DSC_1607-copie-2-960x640.jpg\" alt=\"\" class=\"wp-image-9558\" srcset=\"https:\/\/arnaud-rodriguez.net\/photo\/wp-content\/uploads\/2025\/01\/billgraben-DSC_1607-copie-2-960x640.jpg 960w, https:\/\/arnaud-rodriguez.net\/photo\/wp-content\/uploads\/2025\/01\/billgraben-DSC_1607-copie-2-300x200.jpg 300w, https:\/\/arnaud-rodriguez.net\/photo\/wp-content\/uploads\/2025\/01\/billgraben-DSC_1607-copie-2-768x512.jpg 768w, https:\/\/arnaud-rodriguez.net\/photo\/wp-content\/uploads\/2025\/01\/billgraben-DSC_1607-copie-2-1536x1024.jpg 1536w, https:\/\/arnaud-rodriguez.net\/photo\/wp-content\/uploads\/2025\/01\/billgraben-DSC_1607-copie-2.jpg 1800w\" sizes=\"auto, (max-width: 960px) 100vw, 960px\" \/><\/figure>\n<\/figure>\n\n\n\n<h3 class=\"wp-block-heading\">R\u00e9sidence avec Olivier Gabrys <\/h3>\n\n\n\n<p>Janvier et f\u00e9vrier 2024. Les Marches de l&rsquo;\u00e9t\u00e9, Bordeaux<\/p>\n\n\n\n<figure class=\"wp-block-gallery has-nested-images columns-2 is-cropped wp-block-gallery-2 is-layout-flex wp-block-gallery-is-layout-flex\">\n<figure class=\"wp-block-image size-large\"><img loading=\"lazy\" decoding=\"async\" width=\"960\" height=\"640\" data-id=\"8965\" src=\"https:\/\/arnaud-rodriguez.net\/photo\/wp-content\/uploads\/2024\/11\/b-DSC_3844-copie-960x640.jpg\" alt=\"\" class=\"wp-image-8965\" srcset=\"https:\/\/arnaud-rodriguez.net\/photo\/wp-content\/uploads\/2024\/11\/b-DSC_3844-copie-960x640.jpg 960w, https:\/\/arnaud-rodriguez.net\/photo\/wp-content\/uploads\/2024\/11\/b-DSC_3844-copie-300x200.jpg 300w, https:\/\/arnaud-rodriguez.net\/photo\/wp-content\/uploads\/2024\/11\/b-DSC_3844-copie-768x512.jpg 768w, https:\/\/arnaud-rodriguez.net\/photo\/wp-content\/uploads\/2024\/11\/b-DSC_3844-copie-1536x1024.jpg 1536w, https:\/\/arnaud-rodriguez.net\/photo\/wp-content\/uploads\/2024\/11\/b-DSC_3844-copie.jpg 1800w\" sizes=\"auto, (max-width: 960px) 100vw, 960px\" \/><\/figure>\n\n\n\n<figure class=\"wp-block-image size-large\"><img loading=\"lazy\" decoding=\"async\" width=\"960\" height=\"640\" data-id=\"8970\" src=\"https:\/\/arnaud-rodriguez.net\/photo\/wp-content\/uploads\/2024\/11\/b-DSC_4290-copie-960x640.jpg\" alt=\"\" class=\"wp-image-8970\" srcset=\"https:\/\/arnaud-rodriguez.net\/photo\/wp-content\/uploads\/2024\/11\/b-DSC_4290-copie-960x640.jpg 960w, https:\/\/arnaud-rodriguez.net\/photo\/wp-content\/uploads\/2024\/11\/b-DSC_4290-copie-300x200.jpg 300w, https:\/\/arnaud-rodriguez.net\/photo\/wp-content\/uploads\/2024\/11\/b-DSC_4290-copie-768x512.jpg 768w, https:\/\/arnaud-rodriguez.net\/photo\/wp-content\/uploads\/2024\/11\/b-DSC_4290-copie-1536x1024.jpg 1536w, https:\/\/arnaud-rodriguez.net\/photo\/wp-content\/uploads\/2024\/11\/b-DSC_4290-copie.jpg 1800w\" sizes=\"auto, (max-width: 960px) 100vw, 960px\" \/><\/figure>\n\n\n\n<figure class=\"wp-block-image size-large\"><img loading=\"lazy\" decoding=\"async\" width=\"683\" height=\"1024\" data-id=\"8966\" src=\"https:\/\/arnaud-rodriguez.net\/photo\/wp-content\/uploads\/2024\/11\/b-DSC_4623-683x1024.jpg\" alt=\"\" class=\"wp-image-8966\" srcset=\"https:\/\/arnaud-rodriguez.net\/photo\/wp-content\/uploads\/2024\/11\/b-DSC_4623-683x1024.jpg 683w, https:\/\/arnaud-rodriguez.net\/photo\/wp-content\/uploads\/2024\/11\/b-DSC_4623-200x300.jpg 200w, https:\/\/arnaud-rodriguez.net\/photo\/wp-content\/uploads\/2024\/11\/b-DSC_4623-768x1152.jpg 768w, https:\/\/arnaud-rodriguez.net\/photo\/wp-content\/uploads\/2024\/11\/b-DSC_4623-1024x1536.jpg 1024w, https:\/\/arnaud-rodriguez.net\/photo\/wp-content\/uploads\/2024\/11\/b-DSC_4623.jpg 1200w\" sizes=\"auto, (max-width: 683px) 100vw, 683px\" \/><\/figure>\n\n\n\n<figure class=\"wp-block-image size-large\"><img loading=\"lazy\" decoding=\"async\" width=\"683\" height=\"1024\" data-id=\"8968\" src=\"https:\/\/arnaud-rodriguez.net\/photo\/wp-content\/uploads\/2024\/11\/b-240203-DSC_3684-copie-683x1024.jpg\" alt=\"\" class=\"wp-image-8968\" srcset=\"https:\/\/arnaud-rodriguez.net\/photo\/wp-content\/uploads\/2024\/11\/b-240203-DSC_3684-copie-683x1024.jpg 683w, https:\/\/arnaud-rodriguez.net\/photo\/wp-content\/uploads\/2024\/11\/b-240203-DSC_3684-copie-200x300.jpg 200w, https:\/\/arnaud-rodriguez.net\/photo\/wp-content\/uploads\/2024\/11\/b-240203-DSC_3684-copie-768x1152.jpg 768w, https:\/\/arnaud-rodriguez.net\/photo\/wp-content\/uploads\/2024\/11\/b-240203-DSC_3684-copie-1024x1536.jpg 1024w, https:\/\/arnaud-rodriguez.net\/photo\/wp-content\/uploads\/2024\/11\/b-240203-DSC_3684-copie.jpg 1200w\" sizes=\"auto, (max-width: 683px) 100vw, 683px\" \/><\/figure>\n\n\n\n<figure class=\"wp-block-image size-large\"><img loading=\"lazy\" decoding=\"async\" width=\"960\" height=\"640\" data-id=\"8972\" src=\"https:\/\/arnaud-rodriguez.net\/photo\/wp-content\/uploads\/2024\/11\/b-DSC_4491-copie-960x640.jpg\" alt=\"\" class=\"wp-image-8972\" srcset=\"https:\/\/arnaud-rodriguez.net\/photo\/wp-content\/uploads\/2024\/11\/b-DSC_4491-copie-960x640.jpg 960w, https:\/\/arnaud-rodriguez.net\/photo\/wp-content\/uploads\/2024\/11\/b-DSC_4491-copie-300x200.jpg 300w, https:\/\/arnaud-rodriguez.net\/photo\/wp-content\/uploads\/2024\/11\/b-DSC_4491-copie-768x512.jpg 768w, https:\/\/arnaud-rodriguez.net\/photo\/wp-content\/uploads\/2024\/11\/b-DSC_4491-copie-1536x1024.jpg 1536w, https:\/\/arnaud-rodriguez.net\/photo\/wp-content\/uploads\/2024\/11\/b-DSC_4491-copie.jpg 1800w\" sizes=\"auto, (max-width: 960px) 100vw, 960px\" \/><\/figure>\n\n\n\n<figure class=\"wp-block-image size-large\"><img loading=\"lazy\" decoding=\"async\" width=\"960\" height=\"640\" data-id=\"8967\" src=\"https:\/\/arnaud-rodriguez.net\/photo\/wp-content\/uploads\/2024\/11\/b-DSC_4525-copie-960x640.jpg\" alt=\"\" class=\"wp-image-8967\" srcset=\"https:\/\/arnaud-rodriguez.net\/photo\/wp-content\/uploads\/2024\/11\/b-DSC_4525-copie-960x640.jpg 960w, https:\/\/arnaud-rodriguez.net\/photo\/wp-content\/uploads\/2024\/11\/b-DSC_4525-copie-300x200.jpg 300w, https:\/\/arnaud-rodriguez.net\/photo\/wp-content\/uploads\/2024\/11\/b-DSC_4525-copie-768x512.jpg 768w, https:\/\/arnaud-rodriguez.net\/photo\/wp-content\/uploads\/2024\/11\/b-DSC_4525-copie-1536x1024.jpg 1536w, https:\/\/arnaud-rodriguez.net\/photo\/wp-content\/uploads\/2024\/11\/b-DSC_4525-copie.jpg 1800w\" sizes=\"auto, (max-width: 960px) 100vw, 960px\" \/><\/figure>\n\n\n\n<figure class=\"wp-block-image size-large\"><img loading=\"lazy\" decoding=\"async\" width=\"683\" height=\"1024\" data-id=\"8969\" src=\"https:\/\/arnaud-rodriguez.net\/photo\/wp-content\/uploads\/2024\/11\/b-billgraben-comm-DSC_2621-copie-683x1024.jpg\" alt=\"\" class=\"wp-image-8969\" srcset=\"https:\/\/arnaud-rodriguez.net\/photo\/wp-content\/uploads\/2024\/11\/b-billgraben-comm-DSC_2621-copie-683x1024.jpg 683w, https:\/\/arnaud-rodriguez.net\/photo\/wp-content\/uploads\/2024\/11\/b-billgraben-comm-DSC_2621-copie-200x300.jpg 200w, https:\/\/arnaud-rodriguez.net\/photo\/wp-content\/uploads\/2024\/11\/b-billgraben-comm-DSC_2621-copie-768x1152.jpg 768w, https:\/\/arnaud-rodriguez.net\/photo\/wp-content\/uploads\/2024\/11\/b-billgraben-comm-DSC_2621-copie-1024x1536.jpg 1024w, https:\/\/arnaud-rodriguez.net\/photo\/wp-content\/uploads\/2024\/11\/b-billgraben-comm-DSC_2621-copie.jpg 1200w\" sizes=\"auto, (max-width: 683px) 100vw, 683px\" \/><\/figure>\n<\/figure>\n","protected":false},"excerpt":{"rendered":"<p>Photographies du travail de Benjamin Begey, dit Billgraben Performance en domicile inconnu D\u00e9cembre 2023 R\u00e9sidence avec Olivier Gabrys Janvier et f\u00e9vrier 2024. Les Marches de l&rsquo;\u00e9t\u00e9, Bordeaux<\/p>\n","protected":false},"author":2,"featured_media":0,"parent":1245,"menu_order":0,"comment_status":"closed","ping_status":"closed","template":"","meta":{"_monsterinsights_skip_tracking":false,"_monsterinsights_sitenote_active":false,"_monsterinsights_sitenote_note":"","_monsterinsights_sitenote_category":0,"footnotes":""},"class_list":["post-8955","page","type-page","status-publish","hentry"],"aioseo_notices":[],"_links":{"self":[{"href":"https:\/\/arnaud-rodriguez.net\/photo\/wp-json\/wp\/v2\/pages\/8955","targetHints":{"allow":["GET"]}}],"collection":[{"href":"https:\/\/arnaud-rodriguez.net\/photo\/wp-json\/wp\/v2\/pages"}],"about":[{"href":"https:\/\/arnaud-rodriguez.net\/photo\/wp-json\/wp\/v2\/types\/page"}],"author":[{"embeddable":true,"href":"https:\/\/arnaud-rodriguez.net\/photo\/wp-json\/wp\/v2\/users\/2"}],"replies":[{"embeddable":true,"href":"https:\/\/arnaud-rodriguez.net\/photo\/wp-json\/wp\/v2\/comments?post=8955"}],"version-history":[{"count":2,"href":"https:\/\/arnaud-rodriguez.net\/photo\/wp-json\/wp\/v2\/pages\/8955\/revisions"}],"predecessor-version":[{"id":9559,"href":"https:\/\/arnaud-rodriguez.net\/photo\/wp-json\/wp\/v2\/pages\/8955\/revisions\/9559"}],"up":[{"embeddable":true,"href":"https:\/\/arnaud-rodriguez.net\/photo\/wp-json\/wp\/v2\/pages\/1245"}],"wp:attachment":[{"href":"https:\/\/arnaud-rodriguez.net\/photo\/wp-json\/wp\/v2\/media?parent=8955"}],"curies":[{"name":"wp","href":"https:\/\/api.w.org\/{rel}","templated":true}]}}